{"id":7586,"date":"2019-11-14T00:29:53","date_gmt":"2019-11-13T23:29:53","guid":{"rendered":"https:\/\/reparatur-netzwerk.de\/reparaturhelden\/?page_id=7586"},"modified":"2022-05-30T20:47:21","modified_gmt":"2022-05-30T18:47:21","slug":"iphone-xr","status":"publish","type":"page","link":"https:\/\/reparatur-netzwerk.de\/reparaturhelden\/iphone\/iphone-xr\/","title":{"rendered":"iPhone Xr Reparatur"},"content":{"rendered":"<p>[vc_row][vc_column][vc_column_text]Apple iPhone XR Reparatur &#8211; fachgerecht, z\u00fcgig, g\u00fcnstige Festpreise<\/p>\n<p>Egal ob Bruchschaden, Wasserschaden oder Softwarefehler: Lassen Sie bei einem Defekt an Ihrem iPhone XR die Reparatur stets von einem Fachmann ausf\u00fchren. Mit dem Service der ReparaturHelden sind Sie auf der sicheren Seite und k\u00f6nnen dabei einiges an Zeit und Geld sparen.<\/p>\n<p>Wenn Sie Ihr iPhone XR f\u00fcr die Reparatur zu Apple schicken, entstehen in den meisten F\u00e4llen nicht nur hohe Reparaturkosten, sondern auch lange Wartezeiten. Erfahrungsgem\u00e4\u00df wird vor allem das lange Warten als \u00e4rgerlich und belastend empfunden. Denn die meisten Besitzer nutzen Ihr iPhone jeden Tag und sind im privaten und beruflichen Alltag auf die Funktionen ihres Smartphones angewiesen.<\/p>\n<p>Bei uns dauert eine iPhone XR Reparatur in den meisten F\u00e4llen nur einen Werktag, so dass Sie auf Ihr Smartphone und mobiles B\u00fcro nur kurz verzichten m\u00fcssen. Ihr iPhone wird bei ReparaturHelden.de von erfahrenen Technikern und Elektronik-Experten repariert, die sich mit Apple Ger\u00e4ten bestens auskennen und nur hochwertige, genau passende Ersatzteile von gepr\u00fcfter Qualit\u00e4t verwenden. Zudem setzen wir beim Preis auf volle Transparenz: Sie zahlen f\u00fcr die iPhone XR Reparatur immer nur den vorher daf\u00fcr vereinbarten Festpreis. Und der enth\u00e4lt s\u00e4mtliche Kosten &#8211; also nicht nur die Reparatur, sondern auch den Versand und die Ersatzteile.[\/vc_column_text][dfd_spacer screen_wide_spacer_size=&#8221;10&#8243; screen_normal_resolution=&#8221;1024&#8243; screen_tablet_resolution=&#8221;800&#8243; screen_mobile_resolution=&#8221;480&#8243;][dfd_products_list display=&#8221;categories&#8221; posts_to_show=&#8221;99&#8243; items_offset=&#8221;20&#8243; thumb_radius=&#8221;0&#8243; columns=&#8221;4&#8243; post_show_subtitle=&#8221;&#8221; post_show_rating=&#8221;&#8221; post_show_add_to_cart=&#8221;&#8221; post_show_wishlist=&#8221;&#8221; post_content_style=&#8221;style-2&#8243; post_categories=&#8221;iphone-xr&#8221; box_shadow=&#8221;box_shadow_enable:disable|shadow_horizontal:0|shadow_vertical:15|shadow_blur:50|shadow_spread:0|box_shadow_color:rgba(0%2C0%2C0%2C0.35)&#8221; hover_box_shadow=&#8221;box_shadow_enable:disable|shadow_horizontal:0|shadow_vertical:15|shadow_blur:50|shadow_spread:0|box_shadow_color:rgba(0%2C0%2C0%2C0.35)&#8221;][dfd_spacer screen_wide_spacer_size=&#8221;10&#8243; screen_normal_resolution=&#8221;1024&#8243; screen_tablet_resolution=&#8221;800&#8243; screen_mobile_resolution=&#8221;480&#8243;][vc_column_text]Welche iPhone XR Reparatur wird am h\u00e4ufigsten durchgef\u00fchrt?<\/p>\n<p>Generell k\u00f6nnen wir nahezu alle Arten von Sch\u00e4den und Defekten am Apple iPhone reparieren. Besonders h\u00e4ufig beim XR sind Backcover-Reparaturen. Ist die R\u00fcckschale (das Backcover) kaputt, ist die Reparatur nicht nur aus optischen und haptischen Gr\u00fcnden sinnvoll, sondern auch zum Schutz der Technik erforderlich. Denn wenn der Schaden schlimmer wird, z.B. ein Riss sich verbreitert oder Teile absplittern, k\u00f6nnen Staub, Schmutz und Feuchtigkeit ins Innere der Ger\u00e4ts eindringen und dort die empfindliche Elektronik besch\u00e4digen.<\/p>\n<p>Eine ebenfalls g\u00e4ngige iPhone XR Reparatur ist das Reparieren oder Austauschen der Touchscreen bzw. eines zerkratzten, zersplitterten oder gesprungenen Display-Glases. Kratzer, Spr\u00fcnge und andere Sch\u00e4den am Display entstehen meist durch einen Sturz oder (Auf-)Schlag. Und selbst wenn am Display nichts zu sehen ist, kann es sein, dass das iPhone nach dem Herunterfallen oder einem Sto\u00df nicht mehr auf Ihre Eingaben reagiert. Das Display bleibt dann entweder komplett schwarz, oder die Anzeige ist fehlerhaft, z. B. durch Farb- oder Pixelfehler. Bei einem kaputten Display oder einer besch\u00e4digten Touchscreen hilft meist nur noch der Austausch der gesamten Einheit, weil die einzelnen Teile miteinander verklebt sind.<\/p>\n<p>Wir f\u00fchren jede iPhone XR Reparatur mit gepr\u00fcften Qualit\u00e4ts-Ersatzteilen aus, die sich optisch nicht von den Originalen unterscheiden und auch ebenso funktional und leistungsf\u00e4hig sind. Ber\u00fccksichtigen Sie jedoch, dass die Herstellergarantie von Apple erlischt, wenn Sie eine iPhone XR Reparatur von uns statt vom Hersteller selbst ausf\u00fchren lassen. Daf\u00fcr geben wir Ihnen eine Gew\u00e4hrleistung von 12 Monaten auf jede iPhone XR Reparatur, die wir f\u00fcr Sie erledigt haben.<\/p>\n<p>So einfach bestellen Sie eine iPhone XR Reparatur bei ReparaturHelden.de<\/p>\n<p>Um eine iPhone XR Reparatur bei uns in Auftrag zu geben, w\u00e4hlen Sie im Onlineshop die entsprechende Reparaturoption aus &#8211; bei Bedarf auch mehrere &#8211; und legen Sie sie in Ihren Warenkorb. Sie sehen dann den daf\u00fcr berechneten Festpreis; das ist der Komplettpreis inklusive Reparatur-, Ersatzteil- und Versandkosten. Nach dem Erfassen des Auftrags senden wir Ihnen eine Best\u00e4tigung und Ihre Bestellnummer per E-Mail.<\/p>\n<p>Sie k\u00f6nnen uns Ihr iPhone XR zur Reparatur zusenden oder es in unsere Filiale in Sande bringen. Das reparierte iPhone wird von uns noch einmal gr\u00fcndlich gepr\u00fcft, bevor wir es per DHL gut versichert an Sie zur\u00fcckschicken.[\/vc_column_text][\/vc_column][\/vc_row]<\/p>\n","protected":false},"excerpt":{"rendered":"<p>[vc_row][vc_column][vc_column_text]Apple iPhone XR Reparatur &#8211; fachgerecht, z\u00fcgig, g\u00fcnstige Festpreise Egal ob Bruchschaden, Wasserschaden oder Softwarefehler: Lassen Sie bei einem Defekt an Ihrem iPhone XR die Reparatur stets von einem Fachmann<\/p>\n","protected":false},"author":1,"featured_media":0,"parent":5192,"menu_order":0,"comment_status":"closed","ping_status":"closed","template":"","meta":{"footnotes":""},"_links":{"self":[{"href":"https:\/\/reparatur-netzwerk.de\/reparaturhelden\/wp-json\/wp\/v2\/pages\/7586"}],"collection":[{"href":"https:\/\/reparatur-netzwerk.de\/reparaturhelden\/wp-json\/wp\/v2\/pages"}],"about":[{"href":"https:\/\/reparatur-netzwerk.de\/reparaturhelden\/wp-json\/wp\/v2\/types\/page"}],"author":[{"embeddable":true,"href":"https:\/\/reparatur-netzwerk.de\/reparaturhelden\/wp-json\/wp\/v2\/users\/1"}],"replies":[{"embeddable":true,"href":"https:\/\/reparatur-netzwerk.de\/reparaturhelden\/wp-json\/wp\/v2\/comments?post=7586"}],"version-history":[{"count":0,"href":"https:\/\/reparatur-netzwerk.de\/reparaturhelden\/wp-json\/wp\/v2\/pages\/7586\/revisions"}],"up":[{"embeddable":true,"href":"https:\/\/reparatur-netzwerk.de\/reparaturhelden\/wp-json\/wp\/v2\/pages\/5192"}],"wp:attachment":[{"href":"https:\/\/reparatur-netzwerk.de\/reparaturhelden\/wp-json\/wp\/v2\/media?parent=7586"}],"curies":[{"name":"wp","href":"https:\/\/api.w.org\/{rel}","templated":true}]}}