{"id":5601,"date":"2018-12-13T12:57:57","date_gmt":"2018-12-13T11:57:57","guid":{"rendered":"https:\/\/reparatur-netzwerk.de\/reparaturhelden\/?page_id=5601"},"modified":"2022-05-30T19:52:34","modified_gmt":"2022-05-30T17:52:34","slug":"qualitaet-von-ersatzteilen-und-wichtige-hinweise","status":"publish","type":"page","link":"https:\/\/reparatur-netzwerk.de\/reparaturhelden\/qualitaet-von-ersatzteilen-und-wichtige-hinweise\/","title":{"rendered":"Qualit\u00e4t von Ersatzteilen und wichtige Hinweise"},"content":{"rendered":"<p>[vc_row css=&#8221;.vc_custom_1455825825954{margin-top: -20px !important;}&#8221;][vc_column css=&#8221;.vc_custom_1455807505534{padding-bottom: 10px !important;}&#8221;][dfd_heading subtitle=&#8221;&#8221; delimiter_settings=&#8221;delimiter_style:solid|delimiter_width:80|delimiter_height:1&#8243; undefined=&#8221;&#8221; title_font_options=&#8221;tag:h2&#8243; subtitle_font_options=&#8221;tag:div&#8221;]<\/p>\n<h4>ANGEBOTE VON ERSATZTEILEN<\/h4>\n<p>[\/dfd_heading][vc_column_text]Im Internet gibt es eine riesige Auswahl an Ersatzteilen. Viele Anbieter bewerben Ihre Apple-Produkte als \u201cOriginal\u201d oder \u201cvon Apple\u201d. Dies ist so nicht korrekt.<\/p>\n<p>Selbst die gr\u00f6\u00dften autorisierten Ersatzteilh\u00e4ndler und Service Provider verf\u00fcgen nicht \u00fcber originale Ersatzteile. Grunds\u00e4tzlich sind Reparaturen dieser Ger\u00e4te durch diese Werkst\u00e4tten \u2013 wie bei uns auch \u2013 nicht offiziell autorisiert, so dass bei entsprechenden Eingriffen die Herstellergarantie erlischt.<\/p>\n<p>Aus den genannten Gr\u00fcnden sind im Handel, z.B. bei eBay oder Amazon, keine originalen Ersatzteile erh\u00e4ltlich. Werkst\u00e4tten und H\u00e4ndler, die behaupten originale Apple-Ersatzteile verkaufen zu k\u00f6nnen, bleiben entsprechende Nachweise schuldig.<\/p>\n<p>Die Qualit\u00e4tsstufe \u201cOriginal\u201d oder \u201cOEM\u201d bezeichnet dabei eine den originalen Ersatzteilen vergleichbare Qualit\u00e4t, aber keineswegs die Fertigung oder Qualit\u00e4tskontrolle durch den Hersteller oder hierf\u00fcr produzierende Fabriken.<\/p>\n<p>Durch das Apple Programm f\u00fcr unabh\u00e4ngige Reparaturanbieter besteht die M\u00f6glichkeit Reparaturen mit Original-Ersatzteilen durchzuf\u00fchren. Diese Anbieter k\u00f6nnen diesen Status entsprechend nachweisen.[\/vc_column_text][dfd_spacer screen_wide_spacer_size=&#8221;10&#8243; screen_normal_resolution=&#8221;1024&#8243; screen_tablet_resolution=&#8221;800&#8243; screen_mobile_resolution=&#8221;480&#8243;][dfd_delimiter delimiter_style=&#8221;dfd-delimiter-with-line&#8221; undefined=&#8221;&#8221;][dfd_spacer screen_wide_spacer_size=&#8221;10&#8243; screen_normal_resolution=&#8221;1024&#8243; screen_tablet_resolution=&#8221;800&#8243; screen_mobile_resolution=&#8221;480&#8243;][dfd_heading subtitle=&#8221;&#8221; delimiter_settings=&#8221;delimiter_style:solid|delimiter_width:80|delimiter_height:1&#8243; undefined=&#8221;&#8221; title_font_options=&#8221;tag:h2&#8243; subtitle_font_options=&#8221;tag:div&#8221;]<\/p>\n<h4>UNSERE ERSATZTEILE<\/h4>\n<p>[\/dfd_heading][vc_column_text]Trotz dieser Fakten erreichen wir eine h\u00f6chstm\u00f6gliche Qualit\u00e4t bei Reparatur und Ersatzteilverkauf. Wir bieten Ihnen in unserem Ersatzteilangebot OEM bzw. hochwertig gepr\u00fcfte Qualit\u00e4t. Unsere Zulieferer sind Experten auf Ihrem Gebiet und f\u00fchren die Qualit\u00e4tspr\u00fcfungen auf h\u00f6chstem Niveau f\u00fcr uns durch. Nat\u00fcrlich wird unser Ersatzteilbestand direkt Vorort in unseren Gesch\u00e4ften\/Werkst\u00e4tten nach eintreffen erneut auf Qualit\u00e4t und Funktionalit\u00e4t gepr\u00fcft. Nur so halten wir unsere Qualit\u00e4ts- und Serviceversprechen f\u00fcr Sie ein.[\/vc_column_text][dfd_spacer screen_wide_spacer_size=&#8221;10&#8243; screen_normal_resolution=&#8221;1024&#8243; screen_tablet_resolution=&#8221;800&#8243; screen_mobile_resolution=&#8221;480&#8243;][dfd_delimiter delimiter_style=&#8221;dfd-delimiter-with-line&#8221; undefined=&#8221;&#8221;][dfd_spacer screen_wide_spacer_size=&#8221;10&#8243; screen_normal_resolution=&#8221;1024&#8243; screen_tablet_resolution=&#8221;800&#8243; screen_mobile_resolution=&#8221;480&#8243;][dfd_heading subtitle=&#8221;&#8221; delimiter_settings=&#8221;delimiter_style:solid|delimiter_width:80|delimiter_height:1&#8243; undefined=&#8221;&#8221; title_font_options=&#8221;tag:h2&#8243; subtitle_font_options=&#8221;tag:div&#8221;]<\/p>\n<h4>BATTERIEVARIANTEN BEI APPLE IPHONES<\/h4>\n<p>[\/dfd_heading][vc_column_text]In Apple iPhones sind verschiedene Akkus verbaut. Zu erkennen sind diese an den APN-Nummern.<\/p>\n<p>iPhone 4 APN Nummern: 616-0512, 616-0513, 616-0520 und 616-0521<br \/>\niPhone 4s APN Nummern: 616-0579, 616-0580, 616-0581 und 616-0582<br \/>\niPhone 5 APN Nummern: 616-0610, 616-0611, 616-0612 und 616-0613<br \/>\niPhone 5c APN Nummern: 616-0667 und 616-0730<br \/>\niPhone 5s APN Nummern: 616-0718, 616-0719, 616-0720, 616-0721, 616-0722, 616-0728,616-0652 und 616-0669<br \/>\niPhone 6 APN Nummern: 616-0804 und 616-0805<br \/>\niPhone 6 Plus APN Nummern: 616-0770 und 616-0772<br \/>\niPhone 6s APN Nummern: 616-00033 und 616-00036<br \/>\niPhone 6s Plus APN Nummern: 616-00042<br \/>\niPhone 7 APN Nummern: 616-00255, 616-00258 und 616-00259<br \/>\niPhone 7 Plus APN Nummern: 616-00249, 616-00250 und 616-00252[\/vc_column_text][dfd_spacer screen_wide_spacer_size=&#8221;10&#8243; screen_normal_resolution=&#8221;1024&#8243; screen_tablet_resolution=&#8221;800&#8243; screen_mobile_resolution=&#8221;480&#8243;][dfd_delimiter delimiter_style=&#8221;dfd-delimiter-with-line&#8221; undefined=&#8221;&#8221;][dfd_spacer screen_wide_spacer_size=&#8221;10&#8243; screen_normal_resolution=&#8221;1024&#8243; screen_tablet_resolution=&#8221;800&#8243; screen_mobile_resolution=&#8221;480&#8243;][dfd_heading subtitle=&#8221;&#8221; delimiter_settings=&#8221;delimiter_style:solid|delimiter_width:80|delimiter_height:1&#8243; undefined=&#8221;&#8221; title_font_options=&#8221;tag:h2&#8243; subtitle_font_options=&#8221;tag:div&#8221;]<\/p>\n<h4>HINWEISE<\/h4>\n<p>[\/dfd_heading][vc_column_text]<strong>Hinweise zum Glastausch:<\/strong><br \/>\nBei einigen Ger\u00e4ten bieten wir Ihnen eine Reparatur der Glasscheibe oberhalb der Displayeinheit an. Hier sind einige wichtige Details zu beachten.<\/p>\n<p>Auch wenn es zu 95% nicht der Fall ist, kann es immer wieder dazu kommen, dass nach dem Austausch der Glasoberfl\u00e4che Probleme mit dem Touchscreen oder dem Display auftreten.<br \/>\nUrsache hierf\u00fcr ist eine nicht-sichtbare Besch\u00e4digung an der Displayeinheit. Durch das entfernen der alten Glasscheibe sowie dem alten Kleber l\u00f6st sich die Verbindung der Einheiten. Hier k\u00f6nnen bereits locker liegende Splitter in den Touchscreen oder das Display gelangen. Wie oben bereits genannt tritt dieser Fehler nur sehr sehr selten auf, allerdings ist er jedem Kunden vorab mitzuteilen. Aus diesem Grund k\u00f6nnen wir f\u00fcr die Glasreparatur auch keine Garantie, Gew\u00e4hrleistung oder Haftung \u00fcbernehmen, falls es zu einem Fehler am Touchscreen oder LCD kommt.<\/p>\n<p>Bei der Neuverklebung der Glaseinheit kann es zu kleinen &#8220;Blasen&#8221; in Gr\u00f6\u00dfe eines Staubkornes kommen, welche wir nicht beheben k\u00f6nnen. Sollte ihr Ger\u00e4t diese Blasen haben, bleibt nur der Tausch der kompletten Display Einheit. Jedoch sollte man erw\u00e4hnen, dass es sich hier um Sch\u00f6nheitsfehler handelt, die keinen Einfluss auf die Bedienung ihres Ger\u00e4tes haben.[\/vc_column_text][dfd_spacer screen_wide_spacer_size=&#8221;10&#8243; screen_normal_resolution=&#8221;1024&#8243; screen_tablet_resolution=&#8221;800&#8243; screen_mobile_resolution=&#8221;480&#8243;][vc_column_text]<strong>Hinweise zur Wasserfestigkeit:<\/strong><br \/>\nEinige Ger\u00e4te werden vom Hersteller als &#8220;Wasserfest&#8221;, &#8220;Wasserresistent&#8221;, etc. bezeichnet. Dieses Merkmal verliert das Ger\u00e4t in der Regel bereits nach mehrmaligen Gebrauch, da Schutzkappen, -gummis, etc. nicht mehr dem Auslieferungszustand entsprechen. Nat\u00fcrlich ist eine entsprechende Wasserfestigkeit ggf. weiterhin gegeben.<\/p>\n<p>Nach einer Reparatur des Ger\u00e4tes bei uns wird eine entsprechende Wasserfestigkeit\/-resistenz jeglicher Art, wie bei Kauf durch den Hersteller versprochen, nicht mehr gew\u00e4hrleistet![\/vc_column_text][\/vc_column][\/vc_row]<\/p>\n","protected":false},"excerpt":{"rendered":"<p>[vc_row css=&#8221;.vc_custom_1455825825954{margin-top: -20px !important;}&#8221;][vc_column css=&#8221;.vc_custom_1455807505534{padding-bottom: 10px !important;}&#8221;][dfd_heading subtitle=&#8221;&#8221; delimiter_settings=&#8221;delimiter_style:solid|delimiter_width:80|delimiter_height:1&#8243; undefined=&#8221;&#8221; title_font_options=&#8221;tag:h2&#8243; subtitle_font_options=&#8221;tag:div&#8221;] ANGEBOTE VON ERSATZTEILEN [\/dfd_heading][vc_column_text]Im Internet gibt es eine riesige Auswahl an Ersatzteilen. Viele Anbieter bewerben Ihre Apple-Produkte als<\/p>\n","protected":false},"author":1,"featured_media":0,"parent":0,"menu_order":0,"comment_status":"closed","ping_status":"closed","template":"","meta":{"footnotes":""},"_links":{"self":[{"href":"https:\/\/reparatur-netzwerk.de\/reparaturhelden\/wp-json\/wp\/v2\/pages\/5601"}],"collection":[{"href":"https:\/\/reparatur-netzwerk.de\/reparaturhelden\/wp-json\/wp\/v2\/pages"}],"about":[{"href":"https:\/\/reparatur-netzwerk.de\/reparaturhelden\/wp-json\/wp\/v2\/types\/page"}],"author":[{"embeddable":true,"href":"https:\/\/reparatur-netzwerk.de\/reparaturhelden\/wp-json\/wp\/v2\/users\/1"}],"replies":[{"embeddable":true,"href":"https:\/\/reparatur-netzwerk.de\/reparaturhelden\/wp-json\/wp\/v2\/comments?post=5601"}],"version-history":[{"count":0,"href":"https:\/\/reparatur-netzwerk.de\/reparaturhelden\/wp-json\/wp\/v2\/pages\/5601\/revisions"}],"wp:attachment":[{"href":"https:\/\/reparatur-netzwerk.de\/reparaturhelden\/wp-json\/wp\/v2\/media?parent=5601"}],"curies":[{"name":"wp","href":"https:\/\/api.w.org\/{rel}","templated":true}]}}