{"id":5420,"date":"2018-07-09T19:28:48","date_gmt":"2018-07-09T17:28:48","guid":{"rendered":"https:\/\/reparatur-netzwerk.de\/reparaturhelden\/?page_id=5420"},"modified":"2024-06-04T13:28:11","modified_gmt":"2024-06-04T11:28:11","slug":"onlinewerkstatt","status":"publish","type":"page","link":"https:\/\/reparatur-netzwerk.de\/reparaturhelden\/onlinewerkstatt\/","title":{"rendered":"So funktioniert die Onlinewerkstatt"},"content":{"rendered":"<p data-fontsize=\"13\" data-lineheight=\"20\"><strong>1. Reparatur w\u00e4hlen<\/strong><\/p>\n<p data-fontsize=\"13\" data-lineheight=\"20\">W\u00e4hle\u00a0das\u00a0Modell und den Defekt. Mit einem Klick auf \u201eIn die Reparaturbox\u201c f\u00fcgst\u00a0du die Reparatur deinem\u00a0Auftrag hinzu. Anschlie\u00dfend kannst\u00a0du weitere Reparaturen ausw\u00e4hlen oder den Auftrag mit einem Klick auf \u201ezur Kasse\u201c abschlie\u00dfen.<\/p>\n<p><strong>2.\u00a0Zahlungsart w\u00e4hlen<\/strong><\/p>\n<p>W\u00e4hle w\u00e4hrend der Auftragsabwicklung\u00a0zwischen den verschiedenen\u00a0Zahlungsarten und gebe deine Rechnungs- und Lieferadresse f\u00fcr den kostenlosen R\u00fcckversand an.<\/p>\n<p data-fontsize=\"13\" data-lineheight=\"20\"><strong>3. Ger\u00e4t einsenden<\/strong><\/p>\n<p data-fontsize=\"13\" data-lineheight=\"20\">Nach Abschluss der Bestellung erh\u00e4ltst\u00a0du von uns eine E-Mail mit einer Bestellbest\u00e4tigung. Lege sie dem Ger\u00e4t bei oder notiere\u00a0die Bestellnummer auf dem Versandkarton. Sende\u00a0das Ger\u00e4t gut verpackt und versichert an:<\/p>\n<p><strong>ReparaturHelden.de<br \/>\n<\/strong><strong>Hauptstra\u00dfe 55<br \/>\n26452 Sande<\/strong><\/p>\n<p>Selbstverst\u00e4ndlich kannst\u00a0du auch pers\u00f6nlich in unsere Partner-Filiale in Sande kommen und dein\u00a0Ger\u00e4t abgeben und abholen.<\/p>\n<p data-fontsize=\"13\" data-lineheight=\"20\"><strong>4. Reparatur<\/strong><\/p>\n<p>Unsere automatische Auftragsverwaltung informiert dich \u00fcber den aktuellen Status deines\u00a0Auftrags. So erh\u00e4ltst\u00a0du z.B. beim Wareneingang oder bei Beginn der Reparatur eine entsprechende Best\u00e4tigung.<\/p>\n<p>Alle Ger\u00e4te werden vor und nach der Reparatur ausgiebig getestet. Sollten uns weitere Defekte auffallen, kontaktieren wir dich. Niemals f\u00fchren wir kostenpflichtige Leistungen ohne vorherige Absprache aus!<\/p>\n<p data-fontsize=\"13\" data-lineheight=\"20\"><strong>5. Repariertes Ger\u00e4t erhalten<\/strong><\/p>\n<p>Sobald die Reparatur abgeschlossen ist, senden wir dir dein Ger\u00e4t zur\u00fcck. Wir versenden alle Ger\u00e4te versichert und gut verpackt mit DHL oder GLS.<\/p>\n","protected":false},"excerpt":{"rendered":"<p>1. Reparatur w\u00e4hlen W\u00e4hle\u00a0das\u00a0Modell und den Defekt. Mit einem Klick auf \u201eIn die Reparaturbox\u201c f\u00fcgst\u00a0du die Reparatur deinem\u00a0Auftrag hinzu. Anschlie\u00dfend kannst\u00a0du weitere Reparaturen ausw\u00e4hlen oder den Auftrag mit einem Klick<\/p>\n","protected":false},"author":1,"featured_media":0,"parent":0,"menu_order":0,"comment_status":"closed","ping_status":"closed","template":"","meta":{"footnotes":""},"_links":{"self":[{"href":"https:\/\/reparatur-netzwerk.de\/reparaturhelden\/wp-json\/wp\/v2\/pages\/5420"}],"collection":[{"href":"https:\/\/reparatur-netzwerk.de\/reparaturhelden\/wp-json\/wp\/v2\/pages"}],"about":[{"href":"https:\/\/reparatur-netzwerk.de\/reparaturhelden\/wp-json\/wp\/v2\/types\/page"}],"author":[{"embeddable":true,"href":"https:\/\/reparatur-netzwerk.de\/reparaturhelden\/wp-json\/wp\/v2\/users\/1"}],"replies":[{"embeddable":true,"href":"https:\/\/reparatur-netzwerk.de\/reparaturhelden\/wp-json\/wp\/v2\/comments?post=5420"}],"version-history":[{"count":0,"href":"https:\/\/reparatur-netzwerk.de\/reparaturhelden\/wp-json\/wp\/v2\/pages\/5420\/revisions"}],"wp:attachment":[{"href":"https:\/\/reparatur-netzwerk.de\/reparaturhelden\/wp-json\/wp\/v2\/media?parent=5420"}],"curies":[{"name":"wp","href":"https:\/\/api.w.org\/{rel}","templated":true}]}}