{"id":5382,"date":"2018-07-03T12:28:52","date_gmt":"2018-07-03T10:28:52","guid":{"rendered":"https:\/\/reparatur-netzwerk.de\/reparaturhelden\/?page_id=5382"},"modified":"2023-05-21T18:44:06","modified_gmt":"2023-05-21T16:44:06","slug":"ueber-uns","status":"publish","type":"page","link":"https:\/\/reparatur-netzwerk.de\/reparaturhelden\/ueber-uns\/","title":{"rendered":"\u00dcber uns"},"content":{"rendered":"<p>[vc_row][vc_column][dfd_heading subtitle=&#8221;&#8221; delimiter_settings=&#8221;delimiter_style:solid|delimiter_width:80|delimiter_height:1&#8243; undefined=&#8221;&#8221; title_font_options=&#8221;tag:h2&#8243; subtitle_font_options=&#8221;tag:div&#8221;]<\/p>\n<h4>WER ODER WAS SIND DIE REPARATURHELDEN?<\/h4>\n<p>[\/dfd_heading][\/vc_column][\/vc_row][vc_row css=&#8221;.vc_custom_1455825825954{margin-top: -20px !important;}&#8221;][vc_column width=&#8221;1\/2&#8243; css=&#8221;.vc_custom_1455807505534{padding-bottom: 10px !important;}&#8221;][vc_column_text]<strong>ReparaturHelden.de<\/strong>\u00a0ist ein Anbieter f\u00fcr Reparatur- und Ersatzteilangebote f\u00fcr Apple Produkte in Deutschland. Die Produktpalette bietet eine gro\u00dfe Auswahl an Reparaturen f\u00fcr Apple Ger\u00e4te. Ebenso gibt es die M\u00f6glichkeit Reparatur- oder Ersatzteilangebote die sich nicht in unserer angezeigten Produktpalette befinden mit wenigen Mausklicks anzufragen.<\/p>\n<p><strong>ReparaturHelden.de<\/strong>\u00a0repariert\u00a0elektronische Ger\u00e4te. Machen Sie sich keine Sorgen, wir sind schon da!<\/p>\n<p><strong>ReparaturHelden.de<\/strong>\u00a0distanziert sich ausdr\u00fccklich von un\u00fcbersichtlichen Preisstrukturen oder Lockangeboten im Internet. Vollst\u00e4ndige Kostentransparenz hei\u00dft unser Motto. Alle im Shop angezeigten Preise beinhalten s\u00e4mtliche anfallenden Geb\u00fchren zur Bestellabwicklung. Hier geh\u00f6ren nat\u00fcrlich die Versandkosten genauso dazu, wie die Materialkosten oder die Aufwandskosten der eigentlichen Reparatur im Reparaturfall.<\/p>\n<p>Wenn Ihr iPhone, iPad, iPod, iMac, Macbook oder auch Mac Mini einen defekten Bildschirm, eine gebrochene Kopfh\u00f6rer-Buchse oder eine gebrochene Taste hat \u2013 Bringen Sie es zu uns! In den meisten F\u00e4llen k\u00f6nnen wir Ihr repariertes Ger\u00e4t\u00a0schon am Folgetag\u00a0an Sie zur\u00fcckgeben.[\/vc_column_text][\/vc_column][vc_column width=&#8221;1\/2&#8243; css=&#8221;.vc_custom_1460756373329{border-bottom-width: -18px !important;}&#8221;][dfd_single_image image=&#8221;3536&#8243;][dfd_spacer screen_wide_spacer_size=&#8221;10&#8243; screen_normal_resolution=&#8221;1024&#8243; screen_tablet_resolution=&#8221;800&#8243; screen_mobile_resolution=&#8221;480&#8243;][vc_column_text]<strong>ReparaturHelden.de<\/strong>\u00a0wird betrieben von connect-Media &amp; Teledienst \u2013 einem Medien-\/Kommunikationsdienstleister in Deutschland. Ma\u00dfstab ist der Erfolg unserer Kunden. Zuverl\u00e4ssigkeit und Vertrauen sind dabei die Eckpfeiler f\u00fcr eine gute Gesch\u00e4ftsbeziehung.<\/p>\n<p><strong>Innovative L\u00f6sungen und ein partnerschaftliches Verh\u00e4ltnis zu unsere Kunden \u2013 das sind die Argumente von\u00a0ReparaturHelden.de und dazu stehen wir.<\/strong><\/p>\n<p>Wir verwenden nur gepr\u00fcfte und hochwertige Ersatzteile. Auf unsere Reparatur erhalten Sie 12 Monate Gew\u00e4hrleistung.<\/p>\n<p>Die Zufriedenheit unserer Kunden ist unser oberstes Ziel, Service unser oberstes Gebot.\u00a0Unsere Mitarbeiter sprechen die Sprache des Kunden: fachlich kompetent und immer freundlich. Ihre E-Mail Anfragen beantworten wir Werktags stets innerhalb von maximal 24 Stunden.[\/vc_column_text][\/vc_column][\/vc_row][vc_row full_width=&#8221;stretch_row&#8221; parallax=&#8221;content-moving&#8221; parallax_image=&#8221;2561&#8243; ptextcolor=&#8221;White&#8221; css=&#8221;.vc_custom_1460926786381{margin-top: 50px !important;margin-bottom: 50px !important;}&#8221;][vc_column css=&#8221;.vc_custom_1455805752829{padding-top: 80px !important;padding-bottom: 80px !important;}&#8221;][dfd_delimiter delimiter_style=&#8221;dfd-delimiter-with-line&#8221; undefined=&#8221;&#8221;][\/vc_column][\/vc_row][vc_row css=&#8221;.vc_custom_1460926470891{margin-top: -20px !important;}&#8221;][vc_column width=&#8221;1\/3&#8243;][dfd_single_image image=&#8221;3402&#8243;][dfd_heading subtitle=&#8221;&#8221; delimiter_settings=&#8221;delimiter_style:solid|delimiter_width:80|delimiter_height:1&#8243; undefined=&#8221;&#8221; title_font_options=&#8221;tag:h2&#8243; subtitle_font_options=&#8221;tag:div&#8221;]<\/p>\n<h5>KUNDENSERVICE<\/h5>\n<p>[\/dfd_heading][vc_column_text]Die Zufriedenheit unserer Kunden ist unser oberstes Ziel, Service unser oberstes Gebot.\u00a0Unsere Mitarbeiter sprechen die Sprache des Kunden: fachlich kompetent und immer freundlich. Ihre E-Mail Anfragen beantworten wir Werktags stets innerhalb von maximal 24 Stunden.[\/vc_column_text][dfd_spacer screen_wide_spacer_size=&#8221;10&#8243; screen_normal_resolution=&#8221;1024&#8243; screen_tablet_resolution=&#8221;800&#8243; screen_mobile_resolution=&#8221;480&#8243;][dfd_button click_animation=&#8221;&#8221; button_text=&#8221;KONTAKT ZU UNS&#8221; main_style=&#8221;style-2&#8243; undefined=&#8221;&#8221; box_shadow=&#8221;box_shadow_enable:disable|shadow_horizontal:0|shadow_vertical:15|shadow_blur:50|shadow_spread:0|box_shadow_color:rgba(0%2C0%2C0%2C0.35)&#8221; hover_box_shadow=&#8221;box_shadow_enable:disable|shadow_horizontal:0|shadow_vertical:15|shadow_blur:50|shadow_spread:0|box_shadow_color:rgba(0%2C0%2C0%2C0.35)&#8221; buttom_link_src=&#8221;url:https%3A%2F%2Freparaturhelden.de%2Fkontakt%2F|title:Kontakt|target:_blank&#8221; background=&#8221;#000000&#8243;][\/vc_column][vc_column width=&#8221;1\/3&#8243;][dfd_single_image image=&#8221;3463&#8243;][dfd_heading subtitle=&#8221;&#8221; delimiter_settings=&#8221;delimiter_style:solid|delimiter_width:80|delimiter_height:1&#8243; undefined=&#8221;&#8221; title_font_options=&#8221;tag:h2&#8243; subtitle_font_options=&#8221;tag:div&#8221;]<\/p>\n<h5>ERSATZTEILQUALIT\u00c4T &amp; SERVICE<\/h5>\n<p>[\/dfd_heading][vc_column_text]Wir verwenden nur gepr\u00fcfte und hochwertige Ersatzteile. Auf unsere Reparatur erhalten Sie 12 Monate Gew\u00e4hrleistung. Sollte Ihr repariertes Ger\u00e4t nach einer Reparatur Probleme haben, so wenden Sie sich einfach an unseren Kundenservice.[\/vc_column_text][dfd_spacer screen_wide_spacer_size=&#8221;10&#8243; screen_normal_resolution=&#8221;1024&#8243; screen_tablet_resolution=&#8221;800&#8243; screen_mobile_resolution=&#8221;480&#8243;][dfd_button click_animation=&#8221;&#8221; button_text=&#8221;QUALIT\u00c4T VON ERSATZTEILEN &amp; WEITERE HINWEISE&#8221; main_style=&#8221;style-2&#8243; undefined=&#8221;&#8221; box_shadow=&#8221;box_shadow_enable:disable|shadow_horizontal:0|shadow_vertical:15|shadow_blur:50|shadow_spread:0|box_shadow_color:rgba(0%2C0%2C0%2C0.35)&#8221; hover_box_shadow=&#8221;box_shadow_enable:disable|shadow_horizontal:0|shadow_vertical:15|shadow_blur:50|shadow_spread:0|box_shadow_color:rgba(0%2C0%2C0%2C0.35)&#8221; buttom_link_src=&#8221;url:https%3A%2F%2Freparaturhelden.de%2Fqualitaet-von-ersatzteilen-und-wichtige-hinweise%2F|target:_blank&#8221; background=&#8221;#000000&#8243;][\/vc_column][vc_column width=&#8221;1\/3&#8243;][dfd_single_image image=&#8221;3385&#8243;][dfd_heading subtitle=&#8221;&#8221; delimiter_settings=&#8221;delimiter_style:solid|delimiter_width:80|delimiter_height:1&#8243; undefined=&#8221;&#8221; title_font_options=&#8221;tag:h2&#8243; subtitle_font_options=&#8221;tag:div&#8221;]<\/p>\n<h5>FAIRE UND TRANSPARENTE PREISE<\/h5>\n<p>[\/dfd_heading][vc_column_text]Wir bieten unseren Kunden g\u00fcnstige Festpreise ohne Haken und \u00d6sen f\u00fcr die Reparaturen an. Gerne k\u00f6nnen Sie bei uns auch individuelle Reparaturen und Preise anfragen. Zu allen Reparaturen bieten wir einen kostenlosen R\u00fcckversand an.[\/vc_column_text][dfd_spacer screen_wide_spacer_size=&#8221;10&#8243; screen_normal_resolution=&#8221;1024&#8243; screen_tablet_resolution=&#8221;800&#8243; screen_mobile_resolution=&#8221;480&#8243;][dfd_button click_animation=&#8221;&#8221; button_text=&#8221;UNSERE ONLINEWERKSTATT&#8221; main_style=&#8221;style-2&#8243; undefined=&#8221;&#8221; box_shadow=&#8221;box_shadow_enable:disable|shadow_horizontal:0|shadow_vertical:15|shadow_blur:50|shadow_spread:0|box_shadow_color:rgba(0%2C0%2C0%2C0.35)&#8221; hover_box_shadow=&#8221;box_shadow_enable:disable|shadow_horizontal:0|shadow_vertical:15|shadow_blur:50|shadow_spread:0|box_shadow_color:rgba(0%2C0%2C0%2C0.35)&#8221; buttom_link_src=&#8221;url:https%3A%2F%2Freparaturhelden.de%2Fonlinewerkstatt%2F|target:_blank&#8221; background=&#8221;#000000&#8243;][\/vc_column][\/vc_row][vc_row ppadding=&#8221;vc_pixrow-padding-bottom&#8221; css=&#8221;.vc_custom_1460926851970{margin-top: -40px !important;margin-bottom: -30px !important;}&#8221;][vc_column][dfd_spacer screen_wide_spacer_size=&#8221;50&#8243; screen_normal_resolution=&#8221;1024&#8243; screen_tablet_resolution=&#8221;800&#8243; screen_mobile_resolution=&#8221;480&#8243;][dfd_heading subtitle=&#8221;Stellen Sie uns hier einfach und schnell eine individuelle Reparaturanfrage.&#8221; delimiter_settings=&#8221;delimiter_style:solid|delimiter_width:80|delimiter_height:1&#8243; undefined=&#8221;&#8221; title_font_options=&#8221;tag:h2&#8243; subtitle_font_options=&#8221;tag:div&#8221;]<\/p>\n<h5>JETZT EINE REPARATURANFRAGE STELLEN<\/h5>\n<p>[\/dfd_heading][dfd_button button_size=&#8221;dfd-button-full-width&#8221; click_animation=&#8221;&#8221; button_text=&#8221;KOSTENLOSE ANFRAGE STELLEN&#8221; tooltip_alignment=&#8221;dfd-button-tooltip-bottom&#8221; select_icon=&#8221;dfd_icons&#8221; main_style=&#8221;style-4&#8243; buttom_link_src=&#8221;url:https%3A%2F%2Freparaturhelden.de%2Fkontakt%2Freparaturanfrage%2F|target:_blank&#8221; ic_dfd_icons=&#8221;dfd-socicon-mail&#8221; undefined=&#8221;&#8221; box_shadow=&#8221;box_shadow_enable:disable|shadow_horizontal:0|shadow_vertical:15|shadow_blur:50|shadow_spread:0|box_shadow_color:rgba(0%2C0%2C0%2C0.35)&#8221; hover_box_shadow=&#8221;box_shadow_enable:disable|shadow_horizontal:0|shadow_vertical:15|shadow_blur:50|shadow_spread:0|box_shadow_color:rgba(0%2C0%2C0%2C0.35)&#8221; background=&#8221;#000000&#8243;][\/vc_column][\/vc_row][vc_row css=&#8221;.vc_custom_1455807854598{margin-bottom: -50px !important;padding-top: 100px !important;}&#8221;][vc_column][dfd_presentation_tilted columns_width=&#8221;quarter-width-elements&#8221; list_fields=&#8221;%5B%7B%22icon_type%22%3A%22selector%22%2C%22select_icon%22%3A%22dfd_icons%22%2C%22ic_dfd_icons%22%3A%22dfd-socicon-trophy%22%2C%22block_title%22%3A%2212%22%2C%22block_subtitle%22%3A%22Jahre%20Erfahrung%20im%20Markt%22%7D%2C%7B%22icon_type%22%3A%22selector%22%2C%22select_icon%22%3A%22dfd_icons%22%2C%22ic_dfd_icons%22%3A%22dfd-socicon-group-profile-users%22%2C%22block_title%22%3A%223000%22%2C%22block_subtitle%22%3A%22und%20mehr%20zufriedene%20Kunden%22%7D%2C%7B%22icon_type%22%3A%22selector%22%2C%22select_icon%22%3A%22dfd_icons%22%2C%22ic_dfd_icons%22%3A%22dfd-socicon-thumbs-up-hand-symbol%22%2C%22block_title%22%3A%223%22%2C%22block_subtitle%22%3A%22Mitarbeiter%20im%20ReparaturHelden%20-%20Team%22%7D%2C%7B%22icon_type%22%3A%22selector%22%2C%22select_icon%22%3A%22dfd_icons%22%2C%22ic_dfd_icons%22%3A%22dfd-socicon-map-marker%22%2C%22block_title%22%3A%222%22%2C%22block_subtitle%22%3A%22Standorte%20%2F%20Filialen%22%7D%5D&#8221; main_style=&#8221;style-2&#8243; title_font_options=&#8221;tag:div&#8221; subtitle_font_options=&#8221;tag:div&#8221; tutorials=&#8221;&#8221;][dfd_spacer screen_wide_spacer_size=&#8221;30&#8243; screen_normal_resolution=&#8221;1024&#8243; screen_tablet_resolution=&#8221;800&#8243; screen_mobile_resolution=&#8221;480&#8243;][\/vc_column][\/vc_row]<\/p>\n","protected":false},"excerpt":{"rendered":"<p>[vc_row][vc_column][dfd_heading subtitle=&#8221;&#8221; delimiter_settings=&#8221;delimiter_style:solid|delimiter_width:80|delimiter_height:1&#8243; undefined=&#8221;&#8221; title_font_options=&#8221;tag:h2&#8243; subtitle_font_options=&#8221;tag:div&#8221;] WER ODER WAS SIND DIE REPARATURHELDEN? [\/dfd_heading][\/vc_column][\/vc_row][vc_row css=&#8221;.vc_custom_1455825825954{margin-top: -20px !important;}&#8221;][vc_column width=&#8221;1\/2&#8243; css=&#8221;.vc_custom_1455807505534{padding-bottom: 10px !important;}&#8221;][vc_column_text]ReparaturHelden.de\u00a0ist ein Anbieter f\u00fcr Reparatur- und Ersatzteilangebote f\u00fcr Apple Produkte in<\/p>\n","protected":false},"author":1,"featured_media":0,"parent":0,"menu_order":0,"comment_status":"closed","ping_status":"closed","template":"","meta":{"footnotes":""},"_links":{"self":[{"href":"https:\/\/reparatur-netzwerk.de\/reparaturhelden\/wp-json\/wp\/v2\/pages\/5382"}],"collection":[{"href":"https:\/\/reparatur-netzwerk.de\/reparaturhelden\/wp-json\/wp\/v2\/pages"}],"about":[{"href":"https:\/\/reparatur-netzwerk.de\/reparaturhelden\/wp-json\/wp\/v2\/types\/page"}],"author":[{"embeddable":true,"href":"https:\/\/reparatur-netzwerk.de\/reparaturhelden\/wp-json\/wp\/v2\/users\/1"}],"replies":[{"embeddable":true,"href":"https:\/\/reparatur-netzwerk.de\/reparaturhelden\/wp-json\/wp\/v2\/comments?post=5382"}],"version-history":[{"count":0,"href":"https:\/\/reparatur-netzwerk.de\/reparaturhelden\/wp-json\/wp\/v2\/pages\/5382\/revisions"}],"wp:attachment":[{"href":"https:\/\/reparatur-netzwerk.de\/reparaturhelden\/wp-json\/wp\/v2\/media?parent=5382"}],"curies":[{"name":"wp","href":"https:\/\/api.w.org\/{rel}","templated":true}]}}