{"id":5365,"date":"2018-06-26T20:01:47","date_gmt":"2018-06-26T18:01:47","guid":{"rendered":"http:\/\/reparaturhelden.handy-pannendienst.de\/?page_id=5365"},"modified":"2018-06-26T20:01:47","modified_gmt":"2018-06-26T18:01:47","slug":"datenberichtigung","status":"publish","type":"page","link":"https:\/\/reparatur-netzwerk.de\/reparaturhelden\/datenschutzzentrum\/datenberichtigung\/","title":{"rendered":"Datenberichtigung"},"content":{"rendered":"<a class=\"wordpress-gdpr-back-link\" href=\"https:\/\/reparatur-netzwerk.de\/reparaturhelden\/datenschutzzentrum\/\">&larr; Kehre zum Datenschutz-Center zur\u00fcck<\/a><form action=\"\/reparaturhelden\/wp-json\/wp\/v2\/pages\/5365\" class=\"wordpress-gdpr-form wordpress-gdpr-form-data-rectification\" method=\"post\"><input type=\"hidden\" name=\"wordpress_gdpr_form_type\" value=\"data-rectification\"><div class=\"form-group\"><label for=\"gdpr_firstname\">Ihr Vorname (*)<\/label><input class=\"form-control\" type=\"text\" name=\"gdpr_firstname\" value=\"\" required \/><\/div><div class=\"form-group\"><label for=\"gdpr_lastname\">Ihr Nachname (*)<\/label><input class=\"form-control\" type=\"text\" name=\"gdpr_lastname\" value=\"\" required \/><\/div><div class=\"form-group\"><label for=\"gdpr_email\">Ihre E-Mail (*)<\/label><input class=\"form-control\" type=\"email\" name=\"gdpr_email\" value=\"\" required \/><\/div><div class=\"form-group\"><label for=\"gdpr_message\">Ihre Nachricht (*)<\/label><textarea class=\"form-control\" name=\"gdpr_message\" required \/><\/textarea><\/div><div class=\"form-group\"><label for=\"gdpr_terms\"><input id=\"gdpr_terms\" class=\"form-control\" type=\"checkbox\" name=\"gdpr_terms\" value=\"1\" required \/><span class=\"gdpr-accept-conditiones-text\">Ich stimme der Datenschutzerkl\u00e4rung zu und dass meine Daten f\u00fcr diese DSGVO-Anfrage gespeichert werden.<\/span><\/label><\/div><input type=\"submit\" name=\"gdpr_submitted\" value=\"Senden\"\/><\/form>\n","protected":false},"excerpt":{"rendered":"&larr; Kehre zum Datenschutz-Center zur\u00fcckIhr Vorname (*)Ihr Nachname (*)Ihre E-Mail (*)Ihre Nachricht (*)Ich stimme der Datenschutzerkl\u00e4rung zu und dass meine Daten f\u00fcr diese DSGVO-Anfrage gespeichert werden.","protected":false},"author":1,"featured_media":0,"parent":5359,"menu_order":0,"comment_status":"closed","ping_status":"closed","template":"","meta":{"footnotes":""},"_links":{"self":[{"href":"https:\/\/reparatur-netzwerk.de\/reparaturhelden\/wp-json\/wp\/v2\/pages\/5365"}],"collection":[{"href":"https:\/\/reparatur-netzwerk.de\/reparaturhelden\/wp-json\/wp\/v2\/pages"}],"about":[{"href":"https:\/\/reparatur-netzwerk.de\/reparaturhelden\/wp-json\/wp\/v2\/types\/page"}],"author":[{"embeddable":true,"href":"https:\/\/reparatur-netzwerk.de\/reparaturhelden\/wp-json\/wp\/v2\/users\/1"}],"replies":[{"embeddable":true,"href":"https:\/\/reparatur-netzwerk.de\/reparaturhelden\/wp-json\/wp\/v2\/comments?post=5365"}],"version-history":[{"count":0,"href":"https:\/\/reparatur-netzwerk.de\/reparaturhelden\/wp-json\/wp\/v2\/pages\/5365\/revisions"}],"up":[{"embeddable":true,"href":"https:\/\/reparatur-netzwerk.de\/reparaturhelden\/wp-json\/wp\/v2\/pages\/5359"}],"wp:attachment":[{"href":"https:\/\/reparatur-netzwerk.de\/reparaturhelden\/wp-json\/wp\/v2\/media?parent=5365"}],"curies":[{"name":"wp","href":"https:\/\/api.w.org\/{rel}","templated":true}]}}