{"id":5359,"date":"2018-06-26T19:50:39","date_gmt":"2018-06-26T17:50:39","guid":{"rendered":"http:\/\/reparaturhelden.handy-pannendienst.de\/?page_id=5359"},"modified":"2018-06-26T19:50:39","modified_gmt":"2018-06-26T17:50:39","slug":"datenschutzzentrum","status":"publish","type":"page","link":"https:\/\/reparatur-netzwerk.de\/reparaturhelden\/datenschutzzentrum\/","title":{"rendered":"Datenschutzzentrum"},"content":{"rendered":"<div class=\"wordpress-gdpr-privacy-center\"><div class=\"wordpress-gdpr-privacy-center-items\"><a href=\"https:\/\/reparatur-netzwerk.de\/reparaturhelden\/datenschutzzentrum\/datenschutzerklaerung\/\" class=\"wordpress-gdpr-privacy-center-item\"><div class=\"wordpress-gdpr-privacy-center-item-cookiePolicy\"><i class=\"fa  fa-list-alt\"><\/i><h2 class=\"wordpress-gdpr-privacy-center-item-headline\">Cookie-Richtlinien<\/h2><p class=\"wordpress-gdpr-privacy-center-item-desc\">Lesen Sie mehr \u00fcber unsere Cookie-Richtlinien.<\/p><div class=\"wordpress-gdpr-privacy-center-item-action\">Weitere Informationen<\/div><\/div><\/a><a href=\"https:\/\/reparatur-netzwerk.de\/reparaturhelden\/datenschutzzentrum\/datenberichtigung\/\" class=\"wordpress-gdpr-privacy-center-item\"><div class=\"wordpress-gdpr-privacy-center-item-dataRectification\"><i class=\"fa fa-pencil\"><\/i><h2 class=\"wordpress-gdpr-privacy-center-item-headline\">Datenberichtigung<\/h2><p class=\"wordpress-gdpr-privacy-center-item-desc\">Kontaktieren Sie uns f\u00fcr eine Daten\u00e4nderungsanfrage.<\/p><div class=\"wordpress-gdpr-privacy-center-item-action\">Weitere Informationen<\/div><\/div><\/a><a href=\"https:\/\/reparatur-netzwerk.de\/reparaturhelden\/agb\/\" class=\"wordpress-gdpr-privacy-center-item wordpress-gdpr-privacy-center-item-last\"><div class=\"wordpress-gdpr-privacy-center-item-disclaimer\"><i class=\"fa fa-gavel\"><\/i><h2 class=\"wordpress-gdpr-privacy-center-item-headline\">Haftungsausschluss<\/h2><p class=\"wordpress-gdpr-privacy-center-item-desc\">Erfahren Sie mehr \u00fcber unsere Verbindlichkeiten.<\/p><div class=\"wordpress-gdpr-privacy-center-item-action\">Weitere Informationen<\/div><\/div><\/a><a href=\"https:\/\/reparatur-netzwerk.de\/reparaturhelden\/datenschutzzentrum\/recht-auf-vergessen\/\" class=\"wordpress-gdpr-privacy-center-item\"><div class=\"wordpress-gdpr-privacy-center-item-forgetMe\"><i class=\"fa fa-eraser\"><\/i><h2 class=\"wordpress-gdpr-privacy-center-item-headline\">Recht auf vergessen<\/h2><p class=\"wordpress-gdpr-privacy-center-item-desc\">Senden Sie eine Anfrage zum L\u00f6schen Ihrer privaten Daten.<\/p><div class=\"wordpress-gdpr-privacy-center-item-action\">Weitere Informationen<\/div><\/div><\/a><a href=\"https:\/\/reparatur-netzwerk.de\/reparaturhelden\/impressum\/\" class=\"wordpress-gdpr-privacy-center-item\"><div class=\"wordpress-gdpr-privacy-center-item-imprint\"><i class=\"fa fa-file-text-o\"><\/i><h2 class=\"wordpress-gdpr-privacy-center-item-headline\">Impressum<\/h2><p class=\"wordpress-gdpr-privacy-center-item-desc\">Erfahren Sie mehr \u00fcber unsere Eigent\u00fcmerschaft und Urheberschaft.<\/p><div class=\"wordpress-gdpr-privacy-center-item-action\">Weitere Informationen<\/div><\/div><\/a><a href=\"https:\/\/reparatur-netzwerk.de\/reparaturhelden\/impressum\/\" class=\"wordpress-gdpr-privacy-center-item wordpress-gdpr-privacy-center-item-last\"><div class=\"wordpress-gdpr-privacy-center-item-mediaCredits\"><i class=\"fa fa-file-image-o\"><\/i><h2 class=\"wordpress-gdpr-privacy-center-item-headline\">Urheberschaftsangaben<\/h2><p class=\"wordpress-gdpr-privacy-center-item-desc\">Lernen Sie die Urheberschaft unserer Medien kennen.<\/p><div class=\"wordpress-gdpr-privacy-center-item-action\">Weitere Informationen<\/div><\/div><\/a><a href=\"https:\/\/reparatur-netzwerk.de\/reparaturhelden\/datenschutzzentrum\/datenarchiv-anfordern\/\" class=\"wordpress-gdpr-privacy-center-item\"><div class=\"wordpress-gdpr-privacy-center-item-requestData\"><i class=\"fa fa-database\"><\/i><h2 class=\"wordpress-gdpr-privacy-center-item-headline\">Daten anfordern<\/h2><p class=\"wordpress-gdpr-privacy-center-item-desc\">Senden Sie eine Anfrage, um eine Kopie aller Ihrer gespeicherten Daten zu erhalten.<\/p><div class=\"wordpress-gdpr-privacy-center-item-action\">Weitere Informationen<\/div><\/div><\/a><a href=\"https:\/\/reparatur-netzwerk.de\/reparaturhelden\/datenschutzzentrum\/datenschutzeinstellungen\/\" class=\"wordpress-gdpr-privacy-center-item\"><div class=\"wordpress-gdpr-privacy-center-item-privacyPolicy\"><i class=\"fa fa-file-text\"><\/i><h2 class=\"wordpress-gdpr-privacy-center-item-headline\">Datenschutzerkl\u00e4rung<\/h2><p class=\"wordpress-gdpr-privacy-center-item-desc\">Lesen Sie hier unsere Datenschutzrichtlinie.<\/p><div class=\"wordpress-gdpr-privacy-center-item-action\">Weitere Informationen<\/div><\/div><\/a><a href=\"#\" class=\"wordpress-gdpr-privacy-center-item wordpress-gdpr-open-privacy-settings-modal wordpress-gdpr-privacy-center-item-last\"><div class=\"wordpress-gdpr-privacy-center-item-privacySettings\"><i class=\"fa fa-user-secret\"><\/i><h2 class=\"wordpress-gdpr-privacy-center-item-headline\">Datenschutz-Einstellungen<\/h2><p class=\"wordpress-gdpr-privacy-center-item-desc\">Konfigurieren Sie hier Ihre pers\u00f6nlichen Datenschutzeinstellungen.<\/p><div class=\"wordpress-gdpr-privacy-center-item-action\">Weitere Informationen<\/div><\/div><\/a><a href=\"https:\/\/reparatur-netzwerk.de\/reparaturhelden\/agb\/\" class=\"wordpress-gdpr-privacy-center-item\"><div class=\"wordpress-gdpr-privacy-center-item-termsConditions\"><i class=\"fa fa-align-left\"><\/i><h2 class=\"wordpress-gdpr-privacy-center-item-headline\">Gesch\u00e4ftsbedingungen<\/h2><p class=\"wordpress-gdpr-privacy-center-item-desc\">Lesen Sie mehr \u00fcber die Gesch\u00e4ftsbedingungen unserer Webseite.<\/p><div class=\"wordpress-gdpr-privacy-center-item-action\">Weitere Informationen<\/div><\/div><\/a><\/div><\/div>\n","protected":false},"excerpt":{"rendered":"Cookie-RichtlinienLesen Sie mehr \u00fcber unsere Cookie-Richtlinien.Weitere InformationenDatenberichtigungKontaktieren Sie uns f\u00fcr eine Daten\u00e4nderungsanfrage.Weitere InformationenHaftungsausschlussErfahren Sie mehr \u00fcber unsere Verbindlichkeiten.Weitere InformationenRecht auf vergessenSenden Sie eine Anfrage zum L\u00f6schen Ihrer privaten Daten.Weitere InformationenImpressumErfahren","protected":false},"author":1,"featured_media":0,"parent":0,"menu_order":0,"comment_status":"closed","ping_status":"closed","template":"","meta":{"footnotes":""},"_links":{"self":[{"href":"https:\/\/reparatur-netzwerk.de\/reparaturhelden\/wp-json\/wp\/v2\/pages\/5359"}],"collection":[{"href":"https:\/\/reparatur-netzwerk.de\/reparaturhelden\/wp-json\/wp\/v2\/pages"}],"about":[{"href":"https:\/\/reparatur-netzwerk.de\/reparaturhelden\/wp-json\/wp\/v2\/types\/page"}],"author":[{"embeddable":true,"href":"https:\/\/reparatur-netzwerk.de\/reparaturhelden\/wp-json\/wp\/v2\/users\/1"}],"replies":[{"embeddable":true,"href":"https:\/\/reparatur-netzwerk.de\/reparaturhelden\/wp-json\/wp\/v2\/comments?post=5359"}],"version-history":[{"count":0,"href":"https:\/\/reparatur-netzwerk.de\/reparaturhelden\/wp-json\/wp\/v2\/pages\/5359\/revisions"}],"wp:attachment":[{"href":"https:\/\/reparatur-netzwerk.de\/reparaturhelden\/wp-json\/wp\/v2\/media?parent=5359"}],"curies":[{"name":"wp","href":"https:\/\/api.w.org\/{rel}","templated":true}]}}