{"id":5341,"date":"2018-06-23T23:20:41","date_gmt":"2018-06-23T21:20:41","guid":{"rendered":"http:\/\/reparaturhelden.handy-pannendienst.de\/bezahlmoeglichkeiten\/"},"modified":"2018-06-26T23:46:02","modified_gmt":"2018-06-26T21:46:02","slug":"bezahlmoeglichkeiten","status":"publish","type":"page","link":"https:\/\/reparatur-netzwerk.de\/reparaturhelden\/bezahlmoeglichkeiten\/","title":{"rendered":"Zahlungsarten"},"content":{"rendered":"<div class=\"woocommerce woocommerce-gzd\">\n\t<ul class=\"payment_methods methods\">\n\t\t\t\t\t<li class=\"payment_method_cop\">\n\t\t\t\t<label>Zahlung bei Abholung<\/label>\n\t\t\t\t\t\t\t\t\t<div class=\"payment_box payment_method_cop\">\n\t\t\t\t\t\t<p>Zahlung in Bar oder mit Karte bei Abholung.<\/p>\n\t\t\t\t\t<\/div>\n\t\t\t\t\t\t\t<\/li>\n\t\t\t\t\t<li class=\"payment_method_bacs\">\n\t\t\t\t<label>\u00dcberweisung<\/label>\n\t\t\t\t\t\t\t\t\t<div class=\"payment_box payment_method_bacs\">\n\t\t\t\t\t\t<p>\u00dcberweise direkt an unsere Bankverbindung. Bitte nutze die Bestellnummer als Verwendungszweck. Deine Bestellung wird erst nach Geldeingang auf unserem Konto versandt.<\/p>\n\t\t\t\t\t<\/div>\n\t\t\t\t\t\t\t<\/li>\n\t\t\t\t\t<li class=\"payment_method_ppec_paypal\">\n\t\t\t\t<label>PayPal Checkout<img decoding=\"async\" src=\"https:\/\/www.paypalobjects.com\/webstatic\/en_US\/i\/buttons\/pp-acceptance-small.png\" alt=\"PayPal Checkout\" \/><\/label>\n\t\t\t\t\t\t\t<\/li>\n\t\t\t\t\t<li class=\"payment_method_paypal\">\n\t\t\t\t<label>PayPal<img decoding=\"async\" src=\"https:\/\/reparatur-netzwerk.de\/reparaturhelden\/wp-content\/plugins\/woocommerce\/includes\/gateways\/paypal\/assets\/images\/paypal.png\" alt=\"\u201ePaypal akzeptiert\u201c-Logo\" \/><a href=\"https:\/\/www.paypal.com\/de\/webapps\/mpp\/paypal-popup\" class=\"about_paypal\">Was ist PayPal?<\/a><\/label>\n\t\t\t\t\t\t\t\t\t<div class=\"payment_box payment_method_paypal\">\n\t\t\t\t\t\t<p>Mit Paypal bezahlen. Solltest du keinen Paypal-Account besitzen, kannst du auch mit deiner Kreditkarte bezahlen.<\/p>\n\t\t\t\t\t<\/div>\n\t\t\t\t\t\t\t<\/li>\n\t\t\t<\/ul>\n<\/div>\n<p>Zahlungsbedingungen<\/p>\n<p>Bei Lieferungen im Inland (Deutschland) haben Sie folgende Zahlungsm\u00f6glichkeiten:<br \/>\n\u2013  Barzahlung bei Abholung<br \/>\n\u2013  Vorkasse per \u00dcberweisung<br \/>\n\u2013  Zahlung per PayPal<br \/>\n\u2013  Zahlung per Rechnung<\/p>\n<p>Bei Lieferungen ins Ausland haben Sie folgende Zahlungsm\u00f6glichkeiten:<br \/>\n\u2013  Vorkasse per \u00dcberweisung<br \/>\n\u2013  Zahlung per PayPal<\/p>\n<p>Weitere Einzelheiten zur Zahlung<br \/>\nDie Zahlung per Rechnung ist nur f\u00fcr registrierte Kunden m\u00f6glich.<br \/>\nDer Rechnungsbetrag ist bei Zahlung auf Rechnung innerhalb von 14 Tagen auszugleichen.<br \/>\nBei Fragen finden Sie unsere Kontaktdaten im Impressum.<\/p>\n<p>Wir bieten Ihnen folgende Zahlungsarten an. Suchen Sie sich einfach die f\u00fcr Sie optimale Zahlart aus. Die Versandkosten sind teilweise abh\u00e4ngig von der gew\u00e4hlten Zahlungsart.<\/p>\n","protected":false},"excerpt":{"rendered":"<p>Zahlungsbedingungen Bei Lieferungen im Inland (Deutschland) haben Sie folgende Zahlungsm\u00f6glichkeiten: \u2013 Barzahlung bei Abholung \u2013 Vorkasse per \u00dcberweisung \u2013 Zahlung per PayPal \u2013 Zahlung per Rechnung Bei Lieferungen ins Ausland<\/p>\n","protected":false},"author":1,"featured_media":0,"parent":0,"menu_order":0,"comment_status":"closed","ping_status":"closed","template":"","meta":{"footnotes":""},"_links":{"self":[{"href":"https:\/\/reparatur-netzwerk.de\/reparaturhelden\/wp-json\/wp\/v2\/pages\/5341"}],"collection":[{"href":"https:\/\/reparatur-netzwerk.de\/reparaturhelden\/wp-json\/wp\/v2\/pages"}],"about":[{"href":"https:\/\/reparatur-netzwerk.de\/reparaturhelden\/wp-json\/wp\/v2\/types\/page"}],"author":[{"embeddable":true,"href":"https:\/\/reparatur-netzwerk.de\/reparaturhelden\/wp-json\/wp\/v2\/users\/1"}],"replies":[{"embeddable":true,"href":"https:\/\/reparatur-netzwerk.de\/reparaturhelden\/wp-json\/wp\/v2\/comments?post=5341"}],"version-history":[{"count":0,"href":"https:\/\/reparatur-netzwerk.de\/reparaturhelden\/wp-json\/wp\/v2\/pages\/5341\/revisions"}],"wp:attachment":[{"href":"https:\/\/reparatur-netzwerk.de\/reparaturhelden\/wp-json\/wp\/v2\/media?parent=5341"}],"curies":[{"name":"wp","href":"https:\/\/api.w.org\/{rel}","templated":true}]}}