{"id":5340,"date":"2018-06-23T23:20:41","date_gmt":"2018-06-23T21:20:41","guid":{"rendered":"http:\/\/reparaturhelden.handy-pannendienst.de\/versandarten\/"},"modified":"2021-06-11T21:30:57","modified_gmt":"2021-06-11T19:30:57","slug":"versandarten","status":"publish","type":"page","link":"https:\/\/reparatur-netzwerk.de\/reparaturhelden\/versandarten\/","title":{"rendered":"Versandarten"},"content":{"rendered":"<p>Liefergebiet<br \/>\nWir versenden ausschlie\u00dflich innerhalb Deutschlands, nach \u00d6sterreich und in die Schweiz. Ein Versand ins EU-Ausland ist ggf. auf Anfrage m\u00f6glich. Ein Auslandsversand in andere L\u00e4nder ist leider nicht m\u00f6glich.<\/p>\n<p>Versandkosten<br \/>\nDer R\u00fcckversand aller Reparaturauftr\u00e4ge nach Deutschland ist kostenlos, es entstehen Ihnen hierbei keine weiteren Kosten. Bei Versand nach \u00d6sterreich oder in die Schweiz fallen Versandkosten an.<\/p>\n<p>Die Versandkosten f\u00fcr Einzelteile sowie Zubeh\u00f6r nach Deutschland sind in der Regel kostenlos. Ausnahmen sind entsprechend gekennzeichnet. Bei Versand nach \u00d6sterreich oder in die Schweiz fallen Versandkosten an.<\/p>\n<p>Versanddauer f\u00fcr Dienstleistungsauftr\u00e4ge<br \/>\nPakete werden nach Fertigstellung (Zahlungseingang vorausgesetzt) mit Sendungsnummer verschickt.<\/p>\n<p>Versanddauer f\u00fcr Produktbestellungen<br \/>\nEinzelteile sowie Zubeh\u00f6r werden normalerweise innerhalb 1-2 Werktage (Zahlungseingang vorausgesetzt) verschickt.<\/p>\n<p>Versandanbieter<br \/>\nWir versenden mit den Anbietern DHL, UPS und GLS<\/p>\n<p>Lieferfristen<br \/>\nSoweit im jeweiligen Angebot keine andere Frist angegeben ist, erfolgt die Lieferung der Ware im Inland (Deutschland) innerhalb von 3 \u2013 5 Tagen, bei Auslandslieferungen innerhalb von 5 \u2013 7 Tagen nach Vertragsschluss (bei vereinbarter Vorauszahlung nach dem Zeitpunkt Ihrer Zahlungsanweisung).<br \/>\nBeachten Sie, dass an Sonn- und Feiertagen keine Zustellung erfolgt.<br \/>\nHaben Sie Artikel mit unterschiedlichen Lieferzeiten bestellt, versenden wir die Ware in einer gemeinsamen Sendung, sofern wir keine abweichenden Vereinbarungen mit Ihnen getroffen haben. Die Lieferzeit bestimmt sich in diesem Fall nach dem Artikel mit der l\u00e4ngsten Lieferzeit den Sie bestellt haben.<\/p>\n<p>Bei Selbstabholung informieren wir Sie per E-Mail \u00fcber die Bereitstellung der Ware und die Abholm\u00f6glichkeiten. In diesem Fall werden keine Versandkosten berechnet.<\/p>\n","protected":false},"excerpt":{"rendered":"<p>Liefergebiet Wir versenden ausschlie\u00dflich innerhalb Deutschlands, nach \u00d6sterreich und in die Schweiz. Ein Versand ins EU-Ausland ist ggf. auf Anfrage m\u00f6glich. Ein Auslandsversand in andere L\u00e4nder ist leider nicht m\u00f6glich.<\/p>\n","protected":false},"author":1,"featured_media":0,"parent":0,"menu_order":0,"comment_status":"closed","ping_status":"closed","template":"","meta":{"footnotes":""},"_links":{"self":[{"href":"https:\/\/reparatur-netzwerk.de\/reparaturhelden\/wp-json\/wp\/v2\/pages\/5340"}],"collection":[{"href":"https:\/\/reparatur-netzwerk.de\/reparaturhelden\/wp-json\/wp\/v2\/pages"}],"about":[{"href":"https:\/\/reparatur-netzwerk.de\/reparaturhelden\/wp-json\/wp\/v2\/types\/page"}],"author":[{"embeddable":true,"href":"https:\/\/reparatur-netzwerk.de\/reparaturhelden\/wp-json\/wp\/v2\/users\/1"}],"replies":[{"embeddable":true,"href":"https:\/\/reparatur-netzwerk.de\/reparaturhelden\/wp-json\/wp\/v2\/comments?post=5340"}],"version-history":[{"count":0,"href":"https:\/\/reparatur-netzwerk.de\/reparaturhelden\/wp-json\/wp\/v2\/pages\/5340\/revisions"}],"wp:attachment":[{"href":"https:\/\/reparatur-netzwerk.de\/reparaturhelden\/wp-json\/wp\/v2\/media?parent=5340"}],"curies":[{"name":"wp","href":"https:\/\/api.w.org\/{rel}","templated":true}]}}