{"id":5337,"date":"2018-06-23T23:20:41","date_gmt":"2018-06-23T21:20:41","guid":{"rendered":"http:\/\/reparaturhelden.handy-pannendienst.de\/impressum\/"},"modified":"2024-06-04T13:15:22","modified_gmt":"2024-06-04T11:15:22","slug":"impressum","status":"publish","type":"page","link":"https:\/\/reparatur-netzwerk.de\/reparaturhelden\/impressum\/","title":{"rendered":"Impressum"},"content":{"rendered":"<p>[vc_row][vc_column][vc_column_text]<strong>ReparaturHelden.de<\/strong><br \/>\nMarienstra\u00dfe 54<br \/>\nD-26452 Sande<\/p>\n<p><strong>Besucheranschrift<br \/>\nReparaturHelden \u2013 Reparatur Service<br \/>\nHauptstra\u00dfe 55<br \/>\nD-26452 Sande<\/strong><\/p>\n<p><strong>Verantwortlicher Gesellschafter:\u00a0<\/strong>Mathias Janssen<\/p>\n<p><strong>Telefon:\u00a0<\/strong>+49 (0)4422.996 9998 (Festnetz sowie Whatsapp-Rufnummer)<\/p>\n<p><strong>E-Mail: <\/strong><a href=\"mailto:info@reparaturhelden.de\">info@reparaturhelden.de<\/a><\/p>\n<p><strong>Regulierungsbeh\u00f6rden:\u00a0<\/strong>Zust\u00e4ndiges Gericht: Amtsgericht Jever,\u00a0Zust\u00e4ndiges Finanzamt: Finanzamt Wilhelmshaven<\/p>\n<p>USt-ID: DE276141521,\u00a0Steuernummer: auf berechtigte Anfrage<\/p>\n<p><strong>Realisierung:\u00a0<\/strong>Diese Webseite wurde durch Mitarbeiter von connect entwickelt.<\/p>\n<p><strong>Technischer Betrieb:<\/strong> sisTEL communication service, frieslandHOSTING<\/p>\n<p><strong>Werbeplatzvermarktung:\u00a0<\/strong>S\u00e4mtliche Werbepl\u00e4tze unserer Projekte werden \u00fcber unseren hauseigenen AdServer \u201eadsKLICK\u201c vermarktet. Dort k\u00f6nnen Sie auch die aktuellen Werbeformen und Preislisten einsehen.<\/p>\n<p><strong>Zust\u00e4ndiger Portalverwalter:\u00a0<\/strong>E-Mail:\u00a0<a href=\"mailto:kontakt@adsklick.de%3Cbr%20\/%3E\">kontakt@adsklick.de<\/a> (Zust\u00e4ndig f\u00fcr eBusiness Vermarktung)<\/p>\n<p><strong>Vertriebspartner:<\/strong>Wir sind Vertriebspartner f\u00fcr die Anbieter und Dienstleister: 1&amp;1, 1&amp;1 Versatel, IONOS, Vodafone \/ otelo, Telekom \/ T-Mobile \/ T-Home \/ congstar, Unitymedia \/ KabelBW, O2 \/ E-Plus \/ BASE \/ blau.de, Drillisch Telecom \/ The Phonehouse \/ MoWoTel \/ yourfone, freenet \/ Talkline \/ klarmobil, Tele2 .<\/p>\n<p><strong>Bankverbindung<\/strong><br \/>\nKontoinhaber: Mathias Janssen<br \/>\nIBAN: DE40 1001 1001 2364 1713 64<br \/>\nSWIFT\/BIC: NTSBDEB1XXX<br \/>\nName der Bank: N26 Bank AG<\/p>\n<p><strong>Gew\u00e4hrleistung<\/strong><br \/>\nAlle Angaben dieses Internetangebotes wurden sorgf\u00e4ltig gepr\u00fcft. Wir bem\u00fchen uns, dieses Informationsangebot stetig zu erweitern und zu aktualisieren. Eine Garantie f\u00fcr die Vollst\u00e4ndigkeit, Richtigkeit und letzte Aktualit\u00e4t kann jedoch nicht \u00fcbernommen werden. connect stellt diese Informationen ohne jegliche Zusicherung oder Gew\u00e4hrleistung jedweder Art, sei sie ausdr\u00fccklich oder stillschweigend, zur Verf\u00fcgung. connect schlie\u00dft jegliche Haftung f\u00fcr Sch\u00e4den, die direkt oder indirekt aus der Benutzung dieser Website entstehen, aus, soweit diese nicht auf Vorsatz oder grober Fahrl\u00e4ssigkeit von connect beruhen.<\/p>\n<p><strong>Urheberrecht<\/strong><br \/>\nIcons made by\u00a0<a title=\"Freepik\" href=\"http:\/\/www.freepik.com\/\">Freepik<\/a>\u00a0from\u00a0<a title=\"Flaticon\" href=\"http:\/\/www.flaticon.com\/\">www.flaticon.com<\/a>\u00a0is licensed by\u00a0<a title=\"Creative Commons BY 3.0\" href=\"http:\/\/creativecommons.org\/licenses\/by\/3.0\/\">CC BY 3.0<\/a>.<br \/>\nCopyright 2010-2024 connect. Alle Rechte vorbehalten. Alle Inhalte (Texte, Bilder, Grafiken, Ton-, Video- und Animationsdateien sowie deren Anordnung u. a.) auf den Webseiten von connect unterliegen dem Schutz des Urheberrechts und anderer Schutzgesetze. Der Rechtsschutz gilt auch gegen\u00fcber Datenbanken und \u00e4hnlichen Einrichtungen. Die Inhalte sind nur f\u00fcr den bestimmungsgem\u00e4\u00dfen Abruf im Internet frei nutzbar. Die Inhalte dieser Webseiten d\u00fcrfen au\u00dferhalb der Grenzen des Urheberrechts ohne schriftliche Genehmigung von connect \u2013 Media &amp; Teledienst nicht in irgendeiner Form vervielf\u00e4ltigt, verbreitet, ver\u00e4ndert oder Dritten zug\u00e4nglich gemacht werden. Einige Bereiche der Webseite von connect enthalten au\u00dferdem Bilder, die dem Copyright Dritter unterliegen. Soweit nicht anders angegeben, sind alle Markenzeichen auf den Webseiten von connect markenrechtlich gesch\u00fctzt.<\/p>\n<p><em>Die Marken Apple, iPhone, iPad, MacBook und Apple Watch sind eingetragene Warenzeichen von Apple Inc., Cupertino California, United States.<\/em><\/p>\n<div class=\"woocommerce woocommerce-gzd woocommerce-gzd-complaints-shortcode\">\n\t\t\t<h3>Alternative Streitbeilegung gem\u00e4\u00df Art. 14 Abs. 1 ODR-VO und \u00a7 36 VSBG:<\/h3>\n\t\n<p>Die Europ\u00e4ische Kommission stellt eine Plattform zur Online-Streitbeilegung (OS) bereit, die du unter <a href=\"https:\/\/ec.europa.eu\/consumers\/odr\" target=\"_blank\">https:\/\/ec.europa.eu\/consumers\/odr<\/a> findest. Zur Teilnahme an einem Streitbeilegungsverfahren vor einer Verbraucherschlichtungsstelle sind wir nicht verpflichtet und nicht bereit.<\/p>\n<\/div>[\/vc_column_text][\/vc_column][\/vc_row]<\/p>\n","protected":false},"excerpt":{"rendered":"<p>[vc_row][vc_column][vc_column_text]ReparaturHelden.de Marienstra\u00dfe 54 D-26452 Sande Besucheranschrift ReparaturHelden \u2013 Reparatur Service Hauptstra\u00dfe 55 D-26452 Sande Verantwortlicher Gesellschafter:\u00a0Mathias Janssen Telefon:\u00a0+49 (0)4422.996 9998 (Festnetz sowie Whatsapp-Rufnummer) E-Mail: info@reparaturhelden.de Regulierungsbeh\u00f6rden:\u00a0Zust\u00e4ndiges Gericht: Amtsgericht Jever,\u00a0Zust\u00e4ndiges Finanzamt:<\/p>\n","protected":false},"author":1,"featured_media":0,"parent":0,"menu_order":0,"comment_status":"closed","ping_status":"closed","template":"","meta":{"footnotes":""},"_links":{"self":[{"href":"https:\/\/reparatur-netzwerk.de\/reparaturhelden\/wp-json\/wp\/v2\/pages\/5337"}],"collection":[{"href":"https:\/\/reparatur-netzwerk.de\/reparaturhelden\/wp-json\/wp\/v2\/pages"}],"about":[{"href":"https:\/\/reparatur-netzwerk.de\/reparaturhelden\/wp-json\/wp\/v2\/types\/page"}],"author":[{"embeddable":true,"href":"https:\/\/reparatur-netzwerk.de\/reparaturhelden\/wp-json\/wp\/v2\/users\/1"}],"replies":[{"embeddable":true,"href":"https:\/\/reparatur-netzwerk.de\/reparaturhelden\/wp-json\/wp\/v2\/comments?post=5337"}],"version-history":[{"count":0,"href":"https:\/\/reparatur-netzwerk.de\/reparaturhelden\/wp-json\/wp\/v2\/pages\/5337\/revisions"}],"wp:attachment":[{"href":"https:\/\/reparatur-netzwerk.de\/reparaturhelden\/wp-json\/wp\/v2\/media?parent=5337"}],"curies":[{"name":"wp","href":"https:\/\/api.w.org\/{rel}","templated":true}]}}