{"id":5336,"date":"2018-06-23T23:20:41","date_gmt":"2018-06-23T21:20:41","guid":{"rendered":"http:\/\/reparaturhelden.handy-pannendienst.de\/datenschutzbelehrung\/"},"modified":"2018-06-26T19:52:20","modified_gmt":"2018-06-26T17:52:20","slug":"datenschutzerklaerung","status":"publish","type":"page","link":"https:\/\/reparatur-netzwerk.de\/reparaturhelden\/datenschutzzentrum\/datenschutzerklaerung\/","title":{"rendered":"Datenschutzerkl\u00e4rung"},"content":{"rendered":"<p><strong>Datenschutzerkl\u00e4rung<\/strong><\/p>\n<p>Soweit nachstehend keine anderen Angaben gemacht werden, ist die Bereitstellung Ihrer personenbezogenen Daten weder gesetzlich oder vertraglich vorgeschrieben, noch f\u00fcr einen Vertragsabschluss erforderlich. Sie sind zur Bereitstellung der Daten nicht verpflichtet. Eine Nichtbereitstellung hat keine Folgen. Dies gilt nur soweit bei den nachfolgenden Verarbeitungsvorg\u00e4ngen keine anderweitige Angabe gemacht wird.<br \/>\n&#8220;Personenbezogene Daten&#8221; sind alle Informationen, die sich auf eine identifizierte oder identifizierbare nat\u00fcrliche Person beziehen.<\/p>\n<div><strong>Server-Logfiles<\/strong><\/div>\n<div>Sie k\u00f6nnen unsere Webseiten besuchen, ohne Angaben zu Ihrer Person zu machen.<\/div>\n<div>Bei jedem Zugriff auf unsere Website werden an uns oder unseren Webhoster \/ IT-Dienstleister Nutzungsdaten durch Ihren Internet Browser \u00fcbermittelt und in Protokolldaten (sog. Server-Logfiles) gespeichert. Zu diesen gespeicherten Daten geh\u00f6ren z.B. der Name der aufgerufenen Seite, Datum und Uhrzeit des Abrufs, die IP-Adresse, die \u00fcbertragene Datenmenge und der anfragende Provider. Die Verarbeitung erfolgt auf Grundlage des Art. 6 Abs. 1 lit. f DSGVO aus berechtigtem Interesse an der Gew\u00e4hrleistung eines st\u00f6rungsfreien Betriebs unserer Website sowie zur Verbesserung unseres Angebotes.<\/div>\n<p><strong>Erhebung und Verarbeitung bei Nutzung des Kontaktformulars\u00a0<\/strong><br \/>\nBei der Nutzung des Kontaktformulars erheben wir Ihre personenbezogenen Daten (Name, E-Mail-Adresse, Nachrichtentext) nur in dem von Ihnen zur Verf\u00fcgung gestellten Umfang. Die Datenverarbeitung dient dem Zweck der Kontaktaufnahme. Mit Absenden Ihrer Nachricht willigen Sie in die Verarbeitung der \u00fcbermittelten Daten ein. Die Verarbeitung erfolgt auf Grundlage des Art. 6 (1) lit. a DSGVO mit Ihrer Einwilligung.<br \/>\nSie k\u00f6nnen Ihre Einwilligung jederzeit durch Mitteilung an uns widerrufen, ohne dass die Rechtm\u00e4\u00dfigkeit der aufgrund der Einwilligung bis zum Widerruf erfolgten Verarbeitung ber\u00fchrt wird. Ihre E-Mail-Adresse nutzen wir nur zur Bearbeitung Ihrer Anfrage. Ihre Daten werden anschlie\u00dfend gel\u00f6scht, sofern Sie der weitergehenden Verarbeitung und Nutzung nicht zugestimmt haben.<\/p>\n<p><strong>Kundenkonto<\/strong><br \/>\nBei der Er\u00f6ffnung eines Kundenkontos erheben wir Ihre personenbezogenen Daten in dem dort angegeben Umfang. Die Datenverarbeitung dient dem Zweck, Ihr Einkaufserlebnis zu verbessern und die Bestellabwicklung zu vereinfachen. Die Verarbeitung erfolgt auf Grundlage des Art. 6 (1) lit. a DSGVO mit Ihrer Einwilligung. Sie k\u00f6nnen Ihre Einwilligung jederzeit durch Mitteilung an uns widerrufen, ohne dass die Rechtm\u00e4\u00dfigkeit der aufgrund der Einwilligung bis zum Widerruf erfolgten Verarbeitung ber\u00fchrt wird. Ihr Kundenkonto wird anschlie\u00dfend gel\u00f6scht.<\/p>\n<div><strong>Erhebung, Verarbeitung und Weitergabe personenbezogener Daten bei Bestellungen<\/strong><\/div>\n<div>Bei der Bestellung erheben und verarbeiten wir Ihre personenbezogenen Daten nur, soweit dies zur Erf\u00fcllung und Abwicklung Ihrer Bestellung sowie zur Bearbeitung Ihrer Anfragen erforderlich ist. Die Bereitstellung der Daten ist f\u00fcr den Vertragsschluss erforderlich. Eine Nichtbereitstellung hat zur Folge, dass kein Vertrag geschlossen werden kann. Die Verarbeitung erfolgt auf Grundlage des Art. 6 Abs. 1 lit. b DSGVO und ist f\u00fcr die Erf\u00fcllung eines Vertrags mit Ihnen erforderlich.<\/div>\n<div>Eine Weitergabe Ihrer Daten erfolgt dabei beispielsweise an die von Ihnen gew\u00e4hlten Versandunternehmen und Dropshipping Anbieter, Zahlungsdienstleister, Diensteanbieter f\u00fcr die Bestellabwicklung und IT-Dienstleister. In allen F\u00e4llen beachten wir strikt die gesetzlichen Vorgaben. Der Umfang der Daten\u00fcbermittlung beschr\u00e4nkt sich auf ein Mindestma\u00df.<\/div>\n<p><strong>Verwendung von PayPal<\/strong><br \/>\nAlle PayPal-Transaktionen unterliegen der PayPal-Datenschutzerkl\u00e4rung. Diese finden Sie unter\u00a0<a href=\"https:\/\/www.paypal.com\/de\/webapps\/mpp\/ua\/privacy-prev?locale.x=de_DE\" target=\"_blank\" rel=\"noopener\">https:\/\/www.paypal.com\/de\/webapps\/mpp\/ua\/privacy-prev?locale.x=de_DE<\/a><\/p>\n<p><strong>Cookies\u00a0<\/strong><br \/>\nUnsere Website verwendet Cookies. Cookies sind kleine Textdateien, die im Internetbrowser bzw. vom Internetbrowser auf dem Computersystem eines Nutzers gespeichert werden. Ruft ein Nutzer eine Website auf, so kann ein Cookie auf dem Betriebssystem des Nutzers gespeichert werden. Dieser Cookie enth\u00e4lt eine charakteristische Zeichenfolge, die eine eindeutige Identifizierung des Browsers beim erneuten Aufrufen der Website erm\u00f6glicht. Wir setzen Cookies zu dem Zweck ein, unser Angebot nutzerfreundlicher, effektiver und sicherer zu machen. Des Weiteren erm\u00f6glichen Cookies unseren Systemen, Ihren Browser auch nach einem Seitenwechsel zu erkennen und Ihnen Services anzubieten. Einige Funktionen unserer Internetseite k\u00f6nnen ohne den Einsatz von Cookies nicht angeboten werden. F\u00fcr diese ist es erforderlich, dass der Browser auch nach einem Seitenwechsel wiedererkannt wird.<\/p>\n<p>Die Verarbeitung erfolgt auf Grundlage des \u00a7 15 (3) TMG sowie Art. 6 (1) lit. f DSGVO aus dem berechtigten Interesse an den oben genannten Zwecken.<br \/>\nDie auf diese Weise von Ihnen erhobenen Daten werden durch technische Vorkehrungen pseudonymisiert. Eine Zuordnung der Daten zu Ihrer Person ist daher nicht mehr m\u00f6glich. Die Daten werden nicht gemeinsam mit sonstigen personenbezogenen Daten von Ihnen gespeichert.<br \/>\n<strong><em>Sie haben das Recht aus Gr\u00fcnden, die sich aus Ihrer besonderen Situation ergeben, jederzeit dieser auf Art. 6 (1) f DSGVO beruhenden Verarbeitung Sie betreffender personenbezogener Daten zu widersprechen.<\/em><\/strong><br \/>\nCookies werden auf Ihrem Rechner gespeichert. Daher haben Sie die volle Kontrolle \u00fcber die Verwendung von Cookies. Durch die Auswahl entsprechender technischer Einstellungen in Ihrem Internetbrowser k\u00f6nnen Sie die Speicherung der Cookies und \u00dcbermittlung der enthaltenen Daten verhindern. Bereits gespeicherte Cookies k\u00f6nnen jederzeit gel\u00f6scht werden. Wir weisen Sie jedoch darauf hin, dass Sie dann gegebenenfalls nicht s\u00e4mtliche Funktionen dieser Website vollumf\u00e4nglich werden nutzen k\u00f6nnen.<br \/>\nUnter den nachstehenden Links k\u00f6nnen Sie sich informieren, wie Sie die Cookies bei den wichtigsten Browsern verwalten (u.a. auch deaktivieren) k\u00f6nnen:<br \/>\nChrome Browser:\u00a0<a href=\"https:\/\/support.google.com\/accounts\/answer\/61416?hl=de\" target=\"_blank\" rel=\"noopener\">https:\/\/support.google.com\/accounts\/answer\/61416?hl=de<\/a><br \/>\nInternet Explorer:\u00a0<a href=\"https:\/\/support.microsoft.com\/de-de\/help\/17442\/windows-internet-explorer-delete-manage-cookies\" target=\"_blank\" rel=\"noopener\">https:\/\/support.microsoft.com\/de-de\/help\/17442\/windows-internet-explorer-delete-manage-cookies<\/a><br \/>\nMozilla Firefox:\u00a0<a href=\"https:\/\/support.mozilla.org\/de\/kb\/cookies-erlauben-und-ablehnen\" target=\"_blank\" rel=\"noopener\">https:\/\/support.mozilla.org\/de\/kb\/cookies-erlauben-und-ablehnen<\/a><br \/>\nSafari:\u00a0<a href=\"https:\/\/support.apple.com\/de-de\/guide\/safari\/manage-cookies-and-website-data-sfri11471\/mac\" target=\"_blank\" rel=\"noopener\">https:\/\/support.apple.com\/de-de\/guide\/safari\/manage-cookies-and-website-data-sfri11471\/mac<\/a><\/p>\n<p><strong>Verwendung von Social Plug-ins mittels \u201eShariff\u201c\u00a0<\/strong><br \/>\nWir verwenden auf unserer Website Plug-ins sozialer Netzwerke. Damit Sie die Kontrolle \u00fcber Ihre Daten behalten, nutzen wir die datenschutzsichere \u201eShariff&#8221;-Schaltfl\u00e4chen.<br \/>\nOhne Ihre ausdr\u00fcckliche Zustimmung werden keine Verkn\u00fcpfungen zu den Servern der sozialen Netzwerke hergestellt und folglich keine Daten \u00fcbermittelt.<br \/>\n\u201eShariff\u201c ist eine Entwicklung der Spezialisten der Computerzeitschrift c\u2019t. Es erm\u00f6glicht mehr Privatsph\u00e4re im Netz und ersetzt die \u00fcblichen \u201cShare\u201d-Buttons der sozialen Netzwerke. Mehr Informationen zum Shariff-Projekt finden Sie hier\u00a0<a href=\"https:\/\/www.heise.de\/ct\/artikel\/Shariff-Social-Media-Buttons-mit-Datenschutz-2467514.html\" target=\"_blank\" rel=\"noopener\">https:\/\/www.heise.de\/ct\/artikel\/Shariff-Social-Media-Buttons-mit-Datenschutz-2467514.html<\/a>.<br \/>\nWenn Sie die Buttons anklicken erscheint ein Popup-Fenster, in dem Sie sich mit Ihren Daten beim jeweiligen Anbieter einloggen k\u00f6nnen. Erst nach diesem aktiven Login durch Sie wird eine direkte Verbindung zu den sozialen Netzwerken hergestellt.<br \/>\nDurch Ihr Login geben Sie Ihre Zustimmung zur \u00dcbertragung Ihrer Daten an den jeweiligen Social Media Anbieter. Hierbei werden u.a. sowohl Ihre IP-Adresse als auch die Information, welche unserer Seiten Sie besucht haben \u00fcbermittelt. Sollten Sie gleichzeitig mit einem oder mehrerer Ihrer sozialen Netzwerk Konten verbunden sein, werden die gesammelten Informationen auch Ihren entsprechenden Profilen zugeordnet. Diese Zuordnung k\u00f6nnen Sie nur dadurch verhindern, dass Sie sich vor dem Besuch unserer Website und vor Aktivierung der Schaltfl\u00e4chen aus Ihren Social Media Konten ausloggen. Nachstehend benannte soziale Netzwerke sind mittels der &#8220;Shariff&#8221;-Funktion eingebunden.<br \/>\nN\u00e4here Informationen zu Umfang und Zweck der Erhebung und Nutzung der Daten sowie \u00fcber Ihre diesbez\u00fcglichen Rechte und M\u00f6glichkeiten zum Schutz Ihrer Privatsph\u00e4re finden Sie in den verlinkten Datenschutzhinweisen der Anbieter.<\/p>\n<p>Google+ der Google Inc. (1600 Amphitheatre Parkway, Mountain View, Kalifornien, 94043 USA)\u00a0<a href=\"https:\/\/www.google.com\/intl\/de\/+\/policy\/+1button.html\" target=\"_blank\" rel=\"noopener\">https:\/\/www.google.com\/intl\/de\/+\/policy\/+1button.html<\/a><\/p>\n<p>Facebook der Facebook Inc. (1601 S. California Ave, Palo Alto, CA 94304, USA)\u00a0<a href=\"https:\/\/www.facebook.com\/policy.php\" target=\"_blank\" rel=\"noopener\">https:\/\/www.facebook.com\/policy.php<\/a><\/p>\n<p>Twitter der Twitter Inc. (795 Folsom St., Suite 600, San Francisco, CA 94107, USA)\u00a0<a href=\"https:\/\/twitter.com\/privacy\" target=\"_blank\" rel=\"noopener\">https:\/\/twitter.com\/privacy<\/a><\/p>\n<p>Pinterest der Pinterest Inc. (635 High Street, Palo Alto, CA, 94301, USA)\u00a0<a href=\"https:\/\/about.pinterest.com\/de\/privacy-policy\" target=\"_blank\" rel=\"noopener\">https:\/\/about.pinterest.com\/de\/privacy-policy<\/a><\/p>\n<p>AddThis der Oracle America, Inc. (500 Oracle Parkway, Redwood Shores, CA 94065, USA)\u00a0<a href=\"https:\/\/www.addthis.com\/privacy\/privacy-policy\" target=\"_blank\" rel=\"noopener\">https:\/\/www.addthis.com\/privacy\/privacy-policy<\/a><\/p>\n<p>Instagram der Instagram LLC. (1601 Willow Road, Menlo Park, CA 94025, USA)\u00a0<a href=\"https:\/\/help.instagram.com\/155833707900388\" target=\"_blank\" rel=\"noopener\">https:\/\/help.instagram.com\/155833707900388<\/a><\/p>\n<p>Xing der XING SE (Dammtorstra\u00dfe 30, 20354 Hamburg)\u00a0<a href=\"https:\/\/www.xing.com\/privacy\" target=\"_blank\" rel=\"noopener\">https:\/\/www.xing.com\/privacy<\/a><\/p>\n<div><strong>Verwendung von GoogleMaps<\/strong><br \/>\nWir verwenden auf unserer Website die Funktion zur Einbettung von GoogleMaps-Karten der Google Inc. (1600 Amphitheatre Parkway, Mountain View, CA 94043, USA; \u201cGoogle\u201d).<br \/>\nDie Funktion erm\u00f6glicht die visuelle Darstellung von geographischen Informationen und interaktiven Landkarten. Dabei werden von Google bei Aufrufen der Seiten, in die GoogleMaps-Karten eingebunden sind, auch Daten der Besucher der Websites erhoben, verarbeitet und genutzt.<br \/>\nIhre Daten werden dabei gegebenenfalls auch in die USA \u00fcbermittelt. F\u00fcr Daten\u00fcbermittlungen in die USA ist ein Angemessenheitsbeschluss der Europ\u00e4ischen Kommission vorhanden.<br \/>\nDie Verarbeitung erfolgt auf Grundlage des Art. 6 Abs. 1 lit. f DSGVO aus dem berechtigten Interesse an der bedarfsgerechten und zielgerichteten Gestaltung unserer Website.<br \/>\nN\u00e4here Informationen zur Erhebung und Nutzung der Daten durch Google finden Sie in den Datenschutzhinweisen von Google unter\u00a0<a href=\"https:\/\/www.google.com\/privacypolicy.html\" target=\"_blank\" rel=\"noopener\">https:\/\/www.google.com\/privacypolicy.html<\/a>. Dort haben Sie auch im Datenschutzcenter die M\u00f6glichkeit Ihre Einstellungen zu ver\u00e4ndern, so dass Sie Ihre von Google verarbeiteten Daten verwalten und sch\u00fctzen k\u00f6nnen.<\/div>\n<p><strong>Dauer der Speicherung<\/strong><br \/>\nNach vollst\u00e4ndiger Vertragsabwicklung werden die Daten zun\u00e4chst f\u00fcr die Dauer der Gew\u00e4hrleistungsfrist, danach unter Ber\u00fccksichtigung gesetzlicher, insbesondere steuer- und handelsrechtlicher Aufbewahrungsfristen gespeichert und dann nach Fristablauf gel\u00f6scht, sofern Sie der weitergehenden Verarbeitung und Nutzung nicht zugestimmt haben.<\/p>\n<p><strong>Rechte der betroffenen Person<\/strong><br \/>\nIhnen stehen bei Vorliegen der gesetzlichen Voraussetzungen folgende Rechte nach Art. 15 bis 20 DSGVO zu: Recht auf Auskunft, auf Berichtigung, auf L\u00f6schung, auf Einschr\u00e4nkung der Verarbeitung, auf Daten\u00fcbertragbarkeit.<br \/>\nAu\u00dferdem steht Ihnen nach Art. 21 (1) DSGVO ein Widerspruchsrecht gegen die Verarbeitungen zu, die auf Art. 6 (1) f DSGVO beruhen, sowie gegen die Verarbeitung zum Zwecke von Direktwerbung.<\/p>\n<p>Kontaktieren Sie uns auf Wunsch. Die Kontaktdaten finden Sie in unserem Impressum.<\/p>\n<p><strong>Beschwerderecht bei der Aufsichtsbeh\u00f6rde<\/strong><br \/>\nSie haben gem\u00e4\u00df Art. 77 DSGVO das Recht, sich bei der Aufsichtsbeh\u00f6rde zu beschweren, wenn Sie der Ansicht sind, dass die Verarbeitung Ihrer personenbezogenen Daten nicht rechtm\u00e4\u00dfig erfolgt.<\/p>\n<p><strong>Widerspruchsrecht<\/strong><br \/>\nBeruhen die hier aufgef\u00fchrten personenbezogenen Datenverarbeitungen auf Grundlage unseres berechtigten Interesses nach Art. 6 Abs. 1 lit. f DSGVO, haben Sie das Recht aus Gr\u00fcnden, die sich aus Ihrer besonderen Situation ergeben, jederzeit diesen Verarbeitungen mit Wirkung f\u00fcr die Zukunft zu widersprechen.<br \/>\nNach erfolgtem Widerspruch wird die Verarbeitung der betroffenen Daten beendet, es sei denn, wir k\u00f6nnen zwingende schutzw\u00fcrdige Gr\u00fcnde f\u00fcr die Verarbeitung nachweisen, die Ihre Interessen, Rechte und Freiheiten \u00fcberwiegen, oder wenn die Verarbeitung der Geltendmachung, Aus\u00fcbung oder Verteidigung von Rechtsanspr\u00fcchen dient.<\/p>\n<p>Erfolgt die personenbezogene Datenverarbeitung zu Zwecken der Direktwerbung, k\u00f6nnen Sie dieser Verarbeitung jederzeit durch Mitteilung an uns widersprechen. Nach erfolgtem Widerspruch beenden wir die Verarbeitung der betroffenen Daten zum Zwecke der Direktwerbung.<\/p>\n<p>letzte Aktualisierung: 25.04.2018<br \/>\n\n        <p class=\"form-row\">\n            <label class=\"checkbox\">\n                <input type=\"checkbox\" class=\"input-checkbox\" name=\"wordpress_gdpr_privacy_policy_accepted\"  id=\"accept-privacy-policy-checkbox\" required><span>Ich habe die Datenschutzerkl\u00e4rung gelesen und akzeptiere sie. <\/span><span class=\"required\">*<\/span>\n            <\/label><br>\n        <\/p><\/p>\n","protected":false},"excerpt":{"rendered":"<p>Datenschutzerkl\u00e4rung Soweit nachstehend keine anderen Angaben gemacht werden, ist die Bereitstellung Ihrer personenbezogenen Daten weder gesetzlich oder vertraglich vorgeschrieben, noch f\u00fcr einen Vertragsabschluss erforderlich. Sie sind zur Bereitstellung der Daten<\/p>\n","protected":false},"author":1,"featured_media":0,"parent":5359,"menu_order":0,"comment_status":"closed","ping_status":"closed","template":"","meta":{"footnotes":""},"_links":{"self":[{"href":"https:\/\/reparatur-netzwerk.de\/reparaturhelden\/wp-json\/wp\/v2\/pages\/5336"}],"collection":[{"href":"https:\/\/reparatur-netzwerk.de\/reparaturhelden\/wp-json\/wp\/v2\/pages"}],"about":[{"href":"https:\/\/reparatur-netzwerk.de\/reparaturhelden\/wp-json\/wp\/v2\/types\/page"}],"author":[{"embeddable":true,"href":"https:\/\/reparatur-netzwerk.de\/reparaturhelden\/wp-json\/wp\/v2\/users\/1"}],"replies":[{"embeddable":true,"href":"https:\/\/reparatur-netzwerk.de\/reparaturhelden\/wp-json\/wp\/v2\/comments?post=5336"}],"version-history":[{"count":0,"href":"https:\/\/reparatur-netzwerk.de\/reparaturhelden\/wp-json\/wp\/v2\/pages\/5336\/revisions"}],"up":[{"embeddable":true,"href":"https:\/\/reparatur-netzwerk.de\/reparaturhelden\/wp-json\/wp\/v2\/pages\/5359"}],"wp:attachment":[{"href":"https:\/\/reparatur-netzwerk.de\/reparaturhelden\/wp-json\/wp\/v2\/media?parent=5336"}],"curies":[{"name":"wp","href":"https:\/\/api.w.org\/{rel}","templated":true}]}}