{"id":5252,"date":"2017-12-08T13:03:21","date_gmt":"2017-12-08T12:03:21","guid":{"rendered":"https:\/\/reparatur-netzwerk.de\/reparaturhelden\/?page_id=5252"},"modified":"2022-05-30T20:46:48","modified_gmt":"2022-05-30T18:46:48","slug":"iphone-x","status":"publish","type":"page","link":"https:\/\/reparatur-netzwerk.de\/reparaturhelden\/iphone\/iphone-x\/","title":{"rendered":"iPhone X Reparatur"},"content":{"rendered":"<p>[vc_row][vc_column][vc_column_text]Apple iPhone X Reparatur zum Festpreis &#8211; g\u00fcnstig, schnell und fachgerecht<\/p>\n<p>Wir \u00fcbernehmen bei Sch\u00e4den an Ihrem iPhone X die Reparatur zum g\u00fcnstigen Festpreis &#8211; ohne versteckte Kosten oder nachtr\u00e4gliche \u00c4nderungen. Ob kaputtes Display, Wasserschaden, Probleme mit der Kamera oder St\u00f6rungen bei der Wi-Fi- und WLAN Funktion: Wir beheben den Fehler oder tauschen die besch\u00e4digte Hardware fachkundig aus. Dabei arbeiten wir ausschlie\u00dflich mit hochwertigen und exakt passenden Ersatzteilen in gepr\u00fcfter Qualit\u00e4t, die in Leistung, Funktion und Optik den Originalteilen entsprechen.<\/p>\n<p>Sparen Sie Zeit und Geld mit der iPhone X Reparatur bei ReparaturHelden<\/p>\n<p>Eine iPhone X Reparatur ist Vertrauenssache und sollte immer von einem Techniker ausgef\u00fchrt werden, der die Ger\u00e4te von Apple sehr gut kennt und neben der entsprechenden Ausbildung auch viel Erfahrung damit hat. Unser Service umfasst neben der sach- und fachkundigen iPhone X Reparatur durch einen Fachmann auch volle Kostentransparenz. Der Preis, den Sie nach dem Bestellen der gew\u00fcnschten Reparaturleistungen angezeigt bekommen, ist der verbindliche Festpreis, der alle Kosten f\u00fcr die Reparaturarbeiten, die Ersatzteile und den Versand abdeckt.<\/p>\n<p>Ein weiterer Vorteil f\u00fcr Sie ist die z\u00fcgige Bearbeitung. In sehr vielen F\u00e4llen k\u00f6nnen wir die erforderliche iPhone X Reparatur innerhalb eines Werktages oder in zwei bis drei Tagen ausf\u00fchren. Wenn Sie dagegen Ihr iPhone X zur Reparatur direkt an Apple schicken, dauert es in der Regel sehr viel l\u00e4nger, bis Sie das reparierte Smartphone zur\u00fcckbekommen. Die Reparaturkosten sind bei einer Reparatur durch den Hersteller meist ebenfalls deutlich h\u00f6her. Mit uns k\u00f6nnen Sie also nicht nur Geld sparen, sondern haben auch eine k\u00fcrzere Wartezeit, bis Sie Ihr repariertes iPhone wieder voll nutzen k\u00f6nnen.[\/vc_column_text][dfd_spacer screen_wide_spacer_size=&#8221;10&#8243; screen_normal_resolution=&#8221;1024&#8243; screen_tablet_resolution=&#8221;800&#8243; screen_mobile_resolution=&#8221;480&#8243;][dfd_products_list display=&#8221;categories&#8221; posts_to_show=&#8221;99&#8243; items_offset=&#8221;20&#8243; thumb_radius=&#8221;0&#8243; columns=&#8221;4&#8243; post_show_subtitle=&#8221;&#8221; post_show_rating=&#8221;&#8221; post_show_add_to_cart=&#8221;&#8221; post_show_wishlist=&#8221;&#8221; post_content_style=&#8221;style-2&#8243; post_categories=&#8221;iphone-x&#8221; box_shadow=&#8221;box_shadow_enable:disable|shadow_horizontal:0|shadow_vertical:15|shadow_blur:50|shadow_spread:0|box_shadow_color:rgba(0%2C0%2C0%2C0.35)&#8221; hover_box_shadow=&#8221;box_shadow_enable:disable|shadow_horizontal:0|shadow_vertical:15|shadow_blur:50|shadow_spread:0|box_shadow_color:rgba(0%2C0%2C0%2C0.35)&#8221;][dfd_spacer screen_wide_spacer_size=&#8221;10&#8243; screen_normal_resolution=&#8221;1024&#8243; screen_tablet_resolution=&#8221;800&#8243; screen_mobile_resolution=&#8221;480&#8243;][vc_column_text]Auf jede iPhone X Reparatur, die wir f\u00fcr Sie erledigen, geben wir Ihnen 12 Monate Gew\u00e4hrleistung. Allerdings weisen wir Sie darauf hin, dass die Herstellergarantie erlischt, wenn Sie Ihr iPhone nicht bei Apple, sondern in unserer Werkstatt reparieren lassen.<\/p>\n<p>Welche Defekte k\u00f6nnen bei der iPhone X Reparatur behoben werden?<\/p>\n<p>Die h\u00e4ufigste iPhone X Reparatur ist der Austausch vom Display oder der Touchscreen, wenn das Glas stark zerkratzt oder durch Sturz oder Aufprall gesprungen, zerbrochen oder zersplittert ist. Zu den optischen und haptischen M\u00e4ngeln kommen dann oft noch Funktionsst\u00f6rungen, etwa verz\u00f6gerte Reaktionen oder Anzeigefehler.<\/p>\n<p>Auch bei Sch\u00e4den an Kamera, H\u00f6rmuschel, Mikrofon oder Lautsprecher helfen wir gern, ebenso bei Ausf\u00e4llen aufgrund eines Wasserschadens. Defekte k\u00f6nnen auch am Anschluss des iPhones, am Akku, am Power-Button, der Vibrationsfunktion oder der Software auftreten.<br \/>\nW\u00e4hlen Sie in unserem Online Shop einfach die ben\u00f6tigte Reparatur aus und legen Sie sie in Ihren Warenkorb, um den entsprechenden Festpreis angezeigt zu bekommen. So k\u00f6nnen Sie ganz einfach und transparent auch mehrere Reparaturen gleichzeitig erfassen und bei uns in Auftrag geben.<\/p>\n<p>Wenn Sie Fragen zur iPhone X Reparatur haben, z. B. wenn die gew\u00fcnschte Reparaturleistung in der Liste nicht aufgef\u00fchrt ist, wenden Sie sich einfach direkt an uns. Wir freuen uns \u00fcber Ihren Anruf oder Ihre E-Mail, beantworten gern Ihre Fragen und tun alles, um rasch eine gute L\u00f6sung zu finden. Auch eine iPhone X Reparatur, die nicht in der Liste steht, k\u00f6nnen unsere Experten in den meisten F\u00e4llen z\u00fcgig und g\u00fcnstig erledigen.<\/p>\n<p>Wie l\u00e4uft die iPhone X Reparatur ab?<\/p>\n<p>Sie senden uns Ihr iPhone mit Ihrer pers\u00f6nlichen Auftrags-\/Bestellnummer zu oder geben es pers\u00f6nlich in unserer Filiale in Sande ab. Wir reparieren das Ger\u00e4t, pr\u00fcfen es noch einmal gr\u00fcndlich durch und schicken es dann als versichertes DHL-Paket an Sie zur\u00fcck. Mit der Tracking-Nummer k\u00f6nnen Sie dabei jederzeit nachvollziehen, wo sich Ihr Smartphone gerade befindet.[\/vc_column_text][\/vc_column][\/vc_row]<\/p>\n","protected":false},"excerpt":{"rendered":"<p>[vc_row][vc_column][vc_column_text]Apple iPhone X Reparatur zum Festpreis &#8211; g\u00fcnstig, schnell und fachgerecht Wir \u00fcbernehmen bei Sch\u00e4den an Ihrem iPhone X die Reparatur zum g\u00fcnstigen Festpreis &#8211; ohne versteckte Kosten oder nachtr\u00e4gliche<\/p>\n","protected":false},"author":1,"featured_media":0,"parent":5192,"menu_order":0,"comment_status":"closed","ping_status":"closed","template":"","meta":{"footnotes":""},"_links":{"self":[{"href":"https:\/\/reparatur-netzwerk.de\/reparaturhelden\/wp-json\/wp\/v2\/pages\/5252"}],"collection":[{"href":"https:\/\/reparatur-netzwerk.de\/reparaturhelden\/wp-json\/wp\/v2\/pages"}],"about":[{"href":"https:\/\/reparatur-netzwerk.de\/reparaturhelden\/wp-json\/wp\/v2\/types\/page"}],"author":[{"embeddable":true,"href":"https:\/\/reparatur-netzwerk.de\/reparaturhelden\/wp-json\/wp\/v2\/users\/1"}],"replies":[{"embeddable":true,"href":"https:\/\/reparatur-netzwerk.de\/reparaturhelden\/wp-json\/wp\/v2\/comments?post=5252"}],"version-history":[{"count":0,"href":"https:\/\/reparatur-netzwerk.de\/reparaturhelden\/wp-json\/wp\/v2\/pages\/5252\/revisions"}],"up":[{"embeddable":true,"href":"https:\/\/reparatur-netzwerk.de\/reparaturhelden\/wp-json\/wp\/v2\/pages\/5192"}],"wp:attachment":[{"href":"https:\/\/reparatur-netzwerk.de\/reparaturhelden\/wp-json\/wp\/v2\/media?parent=5252"}],"curies":[{"name":"wp","href":"https:\/\/api.w.org\/{rel}","templated":true}]}}