{"id":5250,"date":"2017-12-08T13:03:07","date_gmt":"2017-12-08T12:03:07","guid":{"rendered":"https:\/\/reparatur-netzwerk.de\/reparaturhelden\/?page_id=5250"},"modified":"2022-05-30T20:48:28","modified_gmt":"2022-05-30T18:48:28","slug":"iphone-8-plus","status":"publish","type":"page","link":"https:\/\/reparatur-netzwerk.de\/reparaturhelden\/iphone\/iphone-8-plus\/","title":{"rendered":"iPhone 8 Plus Reparatur"},"content":{"rendered":"<p>[vc_row][vc_column][vc_column_text]iPhone 8 Plus-Reparatur vom Experten &#8211; zum g\u00fcnstigen Festpreis<\/p>\n<p>Das iPhone 8 Plus begeistert Nutzer durch seine hochwertige Optik, die attraktive Haptik der wertigen Materialien und nat\u00fcrlich die vielen Funktionen dieses modernen Smartphones. Daher ist die iPhone 8 Plus-Reparatur nat\u00fcrlich Vertrauenssache und Sie sollten Ihr iPhone im Fall eines Schadens nur einem erfahrenen Experten anvertrauen, der sich mit dem iPhone 8 Plus bestens auskennt und auch die ben\u00f6tigten Ersatzteile vorr\u00e4tig hat.<\/p>\n<p>Wir sind eine professionelle Reparaturwerkstatt, die auf elektronische Ger\u00e4te und Smartphones spezialisiert ist und Sch\u00e4den an Ihrem iPhone fachgerecht, verl\u00e4sslich und zu g\u00fcnstigen Festpreisen beheben kann. Au\u00dferdem arbeiten wir z\u00fcgig und lassen Sie nicht l\u00e4nger warten als n\u00f6tig: In den allermeisten F\u00e4llen ist die iPhone 8 Plus-Reparatur innerhalb von nur einem Werktag erledigt, so dass Sie Ihr Ger\u00e4t schnell wieder wie gewohnt nutzen k\u00f6nnen.[\/vc_column_text][dfd_spacer screen_wide_spacer_size=&#8221;10&#8243; screen_normal_resolution=&#8221;1024&#8243; screen_tablet_resolution=&#8221;800&#8243; screen_mobile_resolution=&#8221;480&#8243;][dfd_products_list display=&#8221;categories&#8221; posts_to_show=&#8221;99&#8243; items_offset=&#8221;20&#8243; thumb_radius=&#8221;0&#8243; columns=&#8221;4&#8243; post_show_subtitle=&#8221;&#8221; post_show_rating=&#8221;&#8221; post_show_add_to_cart=&#8221;&#8221; post_show_wishlist=&#8221;&#8221; post_content_style=&#8221;style-2&#8243; post_categories=&#8221;iphone-8-plus&#8221; box_shadow=&#8221;box_shadow_enable:disable|shadow_horizontal:0|shadow_vertical:15|shadow_blur:50|shadow_spread:0|box_shadow_color:rgba(0%2C0%2C0%2C0.35)&#8221; hover_box_shadow=&#8221;box_shadow_enable:disable|shadow_horizontal:0|shadow_vertical:15|shadow_blur:50|shadow_spread:0|box_shadow_color:rgba(0%2C0%2C0%2C0.35)&#8221;][dfd_spacer screen_wide_spacer_size=&#8221;10&#8243; screen_normal_resolution=&#8221;1024&#8243; screen_tablet_resolution=&#8221;800&#8243; screen_mobile_resolution=&#8221;480&#8243;][vc_column_text]Jede iPhone 8 Plus-Reparatur wird mit hochwertigen, qualit\u00e4tsgepr\u00fcften Ersatzteilen ausgef\u00fchrt, egal ob es um ein zerbrochenes Display oder einen Wasserschaden geht, der Akku gewechselt werden muss oder ein anderes Problem vorliegt. Und Sie zahlen daf\u00fcr einen verbindlichen und fairen Festpreis. Denken Sie jedoch daran, dass die Herstellergarantie erlischt, wenn Sie die Reparatur von uns statt von Apple durchf\u00fchren lassen.<\/p>\n<p>Um zu erfahren, was Ihre iPhone 8 Plus-Reparatur kosten wird, w\u00e4hlen Sie die entsprechende Reparatur-Option aus und legen sie in Ihren Warenkorb. Der Preis, den Sie daf\u00fcr angezeigt bekommen, ist der Endpreis, also inklusive Arbeitskosten, Ersatzteile und Versand. Das hei\u00dft: Sie zahlen wirklich nur diesen Preis, der schon vorher f\u00fcr diese iPhone 8 Plus-Reparatur festgelegt worden ist. Damit bieten wir Ihnen maximale Transparenz ohne versteckte Zusatzkosten, Aufschl\u00e4ge oder nachtr\u00e4gliche \u00c4nderungen.<\/p>\n<p>So einfach klappt die iPhone 8 Plus-Reparatur bei den ReparaturHelden<\/p>\n<p>Ob zerbrochenes Display, Akkuprobleme oder defekter Lautsprecher: Wir kennen uns bestens mit Apple-Ger\u00e4ten aus \u00fcbernehmen gern die iPhone 8 Plus-Reparatur f\u00fcr Sie. Zun\u00e4chst w\u00e4hlen Sie in unserem Online Shop aus, was genau repariert werden soll &#8211; bei Bedarf k\u00f6nnen Sie auch mehrere Reparaturoptionen in Ihren Warenkorb legen. Ist die gew\u00fcnschte iPhone 8 Plus-Reparatur nicht im Shop gelistet, fragen Sie einfach direkt bei uns nach &#8211; meistens k\u00f6nnen wir auch diese Reparatur ausf\u00fchren.<\/p>\n<p>Nachdem Sie den Reparaturauftrag komplett erfasst haben, w\u00e4hlen Sie noch die Zahlungsart. Per E-Mail erhalten Sie Ihre Bestellnummer, die Sie auf dem Paket anbringen, in dem Sie uns Ihr Smartphone zusenden. So k\u00f6nnen wir Ihr iPhone direkt zuordnen, wenn es bei uns ankommt. Bitte achten Sie darauf, das Smartphone sicher zu verpacken, damit es beim Transport keinen Schaden nimmt.<\/p>\n<p>Nachdem wir Ihr iPhone erhalten haben, k\u00f6nnen Sie in der Auftragsverwaltung jederzeit genau nachsehen, wie weit wir mit Ihrer iPhone 8 Plus-Reparatur sind. Sollten wir beim Untersuchen des Ger\u00e4ts oder beim Reparieren einen weiteren Defekt feststellen, teilen wir Ihnen das umgehend per E-Mail mit. Sie k\u00f6nnen dann entscheiden, ob dieser ebenfalls repariert werden soll.<\/p>\n<p>Bevor wir Ihr iPhone sorgf\u00e4ltig verpackt im versicherten DHL-Paket an Sie zur\u00fcckschicken, wird es gr\u00fcndlich von uns getestet. Per E-Mail erhalten Sie die Tracking-ID, mit der Sie nachvollziehen k\u00f6nnen, wo Ihr Paket gerade ist. Au\u00dferdem geben wir eine Gew\u00e4hrleistung von 12 Monaten auf jede von uns durchgef\u00fchrte iPhone 8 Plus-Reparatur.[\/vc_column_text][\/vc_column][\/vc_row]<\/p>\n","protected":false},"excerpt":{"rendered":"<p>[vc_row][vc_column][vc_column_text]iPhone 8 Plus-Reparatur vom Experten &#8211; zum g\u00fcnstigen Festpreis Das iPhone 8 Plus begeistert Nutzer durch seine hochwertige Optik, die attraktive Haptik der wertigen Materialien und nat\u00fcrlich die vielen Funktionen<\/p>\n","protected":false},"author":1,"featured_media":0,"parent":5192,"menu_order":0,"comment_status":"closed","ping_status":"closed","template":"","meta":{"footnotes":""},"_links":{"self":[{"href":"https:\/\/reparatur-netzwerk.de\/reparaturhelden\/wp-json\/wp\/v2\/pages\/5250"}],"collection":[{"href":"https:\/\/reparatur-netzwerk.de\/reparaturhelden\/wp-json\/wp\/v2\/pages"}],"about":[{"href":"https:\/\/reparatur-netzwerk.de\/reparaturhelden\/wp-json\/wp\/v2\/types\/page"}],"author":[{"embeddable":true,"href":"https:\/\/reparatur-netzwerk.de\/reparaturhelden\/wp-json\/wp\/v2\/users\/1"}],"replies":[{"embeddable":true,"href":"https:\/\/reparatur-netzwerk.de\/reparaturhelden\/wp-json\/wp\/v2\/comments?post=5250"}],"version-history":[{"count":0,"href":"https:\/\/reparatur-netzwerk.de\/reparaturhelden\/wp-json\/wp\/v2\/pages\/5250\/revisions"}],"up":[{"embeddable":true,"href":"https:\/\/reparatur-netzwerk.de\/reparaturhelden\/wp-json\/wp\/v2\/pages\/5192"}],"wp:attachment":[{"href":"https:\/\/reparatur-netzwerk.de\/reparaturhelden\/wp-json\/wp\/v2\/media?parent=5250"}],"curies":[{"name":"wp","href":"https:\/\/api.w.org\/{rel}","templated":true}]}}