{"id":5246,"date":"2017-12-08T13:02:31","date_gmt":"2017-12-08T12:02:31","guid":{"rendered":"https:\/\/reparatur-netzwerk.de\/reparaturhelden\/?page_id=5246"},"modified":"2022-05-30T20:51:14","modified_gmt":"2022-05-30T18:51:14","slug":"iphone-7-plus","status":"publish","type":"page","link":"https:\/\/reparatur-netzwerk.de\/reparaturhelden\/iphone\/iphone-7-plus\/","title":{"rendered":"iPhone 7 Plus Reparatur"},"content":{"rendered":"<p>[vc_row][vc_column][vc_column_text]iPhone 7 Plus-Reparatur vom Experten &#8211; zum g\u00fcnstigen Festpreis<\/p>\n<p>Wenn Ihnen Ihr iPhone aus der Tasche f\u00e4llt, kann das Display zerspringen und eine Reparatur erforderlich machen. Dann k\u00f6nnen Sie entweder das iPhone 7 Plus zur Reparatur<br \/>\nzu Apple schicken, was mit hohen Kosten und meist einer l\u00e4ngeren Wartezeit verbunden ist. Oder Sie nehmen den Service von ReparaturHelden.de in Anspruch und sparen dabei Zeit und Geld. Denn meist l\u00e4sst sich eine iPhone 7 Plus-Reparatur innerhalb von einem Werktag erledigen.[\/vc_column_text][dfd_spacer screen_wide_spacer_size=&#8221;10&#8243; screen_normal_resolution=&#8221;1024&#8243; screen_tablet_resolution=&#8221;800&#8243; screen_mobile_resolution=&#8221;480&#8243;][dfd_products_list display=&#8221;categories&#8221; posts_to_show=&#8221;99&#8243; items_offset=&#8221;20&#8243; thumb_radius=&#8221;0&#8243; columns=&#8221;4&#8243; post_show_subtitle=&#8221;&#8221; post_show_rating=&#8221;&#8221; post_show_add_to_cart=&#8221;&#8221; post_show_wishlist=&#8221;&#8221; post_content_style=&#8221;style-2&#8243; post_categories=&#8221;iphone-7-plus&#8221; box_shadow=&#8221;box_shadow_enable:disable|shadow_horizontal:0|shadow_vertical:15|shadow_blur:50|shadow_spread:0|box_shadow_color:rgba(0%2C0%2C0%2C0.35)&#8221; hover_box_shadow=&#8221;box_shadow_enable:disable|shadow_horizontal:0|shadow_vertical:15|shadow_blur:50|shadow_spread:0|box_shadow_color:rgba(0%2C0%2C0%2C0.35)&#8221;][dfd_spacer screen_wide_spacer_size=&#8221;10&#8243; screen_normal_resolution=&#8221;1024&#8243; screen_tablet_resolution=&#8221;800&#8243; screen_mobile_resolution=&#8221;480&#8243;][vc_column_text]<\/p>\n<p style=\"text-align: left;\">Wir sind ein Anbieter von Reparaturleistungen und Ersatzteilen f\u00fcr Apple-Ger\u00e4te mit jahrelanger Erfahrung. Die iPhone 7 Plus-Reparatur \u00fcbernehmen wir gerne f\u00fcr Sie und berechnen daf\u00fcr einen verbindlichen Festpreis. W\u00e4hlen Sie einfach in unserem Online-Shop die gew\u00fcnschte Reparaturoption aus und f\u00fcgen Sie sie Ihrem Warenkorb hinzu. Der angegebene Preis ist der Endpreis, in dem s\u00e4mtliche Arbeitskosten, Ersatzteile und die Versandkosten enthalten sind. F\u00fcr Sie bedeutet das: Sie zahlen nur diesen vorher festgelegten Fixpreis, keine versteckten Aufschl\u00e4ge oder Zusatzkosten. Denn wir sind davon \u00fcberzeugt, dass Transparenz auch Ihnen wichtig ist.<\/p>\n<p>Wie l\u00e4uft eine iPhone 7 Plus-Reparatur genau ab?<\/p>\n<p>Zun\u00e4chst w\u00e4hlen Sie im Online Shop aus, was an Ihrem Ger\u00e4t repariert werden muss. Wenn erforderlich, k\u00f6nnen Sie auch mehr als eine Reparatur in Ihren Warenkorb legen. Sollten Sie eine iPhone 7 Plus-Reparatur w\u00fcnschen, die nicht aufgef\u00fchrt ist, k\u00f6nnen Sie uns auch zun\u00e4chst eine unverbindliche Anfrage stellen. In der Regel k\u00f6nnen wir Ihnen auch bei diesem Anliegen helfen und Ihr iPhone rasch wieder in einen betriebsbereiten Zustand versetzen.<\/p>\n<p>Sobald Sie den kompletten Reparaturauftrag erfasst haben, w\u00e4hlen Sie Ihre gew\u00fcnschte Zahlungsart aus. Mit dem Abschluss der Bestellung erhalten Sie automatisch eine E-Mail mit Ihrer Bestellnummer. Die notieren Sie bitte auf dem Paket, in dem Sie Ihr iPhone 7 Plus f\u00fcr die Reparatur verpacken, damit wir das Ger\u00e4t im Wareneingang direkt zuordnen k\u00f6nnen. Senden Sie uns Ihr gut verpacktes iPhone zu oder bringen Sie es w\u00e4hrend der regul\u00e4ren Gesch\u00e4ftszeiten in unserer Filiale in Sande vorbei.<\/p>\n<p>Wenn Ihr defektes iPhone bei uns eingetroffen ist, macht sich einer unserer Techniker direkt an die Reparatur. Sie k\u00f6nnen in der Auftragsverwaltung dabei jederzeit nachvollziehen, wie weit die Reparatur fortgeschritten ist. Sollten wir bei der iPhone 7 Plus-Reparatur einen weiteren Defekt feststellen, informieren wir Sie sofort per E-Mail. Sie entscheiden dann, ob wir den ebenfalls reparieren sollen.<\/p>\n<p>Bevor wir das iPhone an Sie zur\u00fcckschicken, wird es ausgiebig getestet, damit Sie sicher sein k\u00f6nnen, das iPhone nach der Reparatur wieder wie gewohnt nutzen zu k\u00f6nnen. Funktioniert alles wie geplant, verpacken wir das Ger\u00e4t und versenden es als versichertes Paket mit DHL. Sie erhalten per E-Mail von uns die Tracking-ID, mit der Sie jederzeit genau nachvollziehen k\u00f6nnen, wo sich das Paket gerade befindet.<\/p>\n<p>Zuverl\u00e4ssiger Service f\u00fcr Privat- und Gesch\u00e4ftskunden<\/p>\n<p>Bei jeder von uns durchgef\u00fchrten iPhone 7 Plus-Reparatur kommen hochwertige, qualit\u00e4tsgepr\u00fcfte Ersatzteile zum Einsatz. Diese erhalten wir von Herstellern und Lieferanten, die eine Produktion auf h\u00f6chstem Niveau sicherstellen und diese mit durchgehenden Qualit\u00e4tskontrollen gew\u00e4hrleisten. Auf jede iPhone 7 Plus-Reparatur geben wir eine Gew\u00e4hrleistung von 12 Monaten. Dennoch ist eine nicht von Apple durchgef\u00fchrte iPhone 7 Plus-Reparatur nicht autorisiert und f\u00fchrt daher zu einem Erl\u00f6schen der Herstellergarantie.[\/vc_column_text][\/vc_column][\/vc_row]<\/p>\n","protected":false},"excerpt":{"rendered":"<p>[vc_row][vc_column][vc_column_text]iPhone 7 Plus-Reparatur vom Experten &#8211; zum g\u00fcnstigen Festpreis Wenn Ihnen Ihr iPhone aus der Tasche f\u00e4llt, kann das Display zerspringen und eine Reparatur erforderlich machen. Dann k\u00f6nnen Sie entweder<\/p>\n","protected":false},"author":1,"featured_media":0,"parent":5192,"menu_order":0,"comment_status":"closed","ping_status":"closed","template":"","meta":{"footnotes":""},"_links":{"self":[{"href":"https:\/\/reparatur-netzwerk.de\/reparaturhelden\/wp-json\/wp\/v2\/pages\/5246"}],"collection":[{"href":"https:\/\/reparatur-netzwerk.de\/reparaturhelden\/wp-json\/wp\/v2\/pages"}],"about":[{"href":"https:\/\/reparatur-netzwerk.de\/reparaturhelden\/wp-json\/wp\/v2\/types\/page"}],"author":[{"embeddable":true,"href":"https:\/\/reparatur-netzwerk.de\/reparaturhelden\/wp-json\/wp\/v2\/users\/1"}],"replies":[{"embeddable":true,"href":"https:\/\/reparatur-netzwerk.de\/reparaturhelden\/wp-json\/wp\/v2\/comments?post=5246"}],"version-history":[{"count":0,"href":"https:\/\/reparatur-netzwerk.de\/reparaturhelden\/wp-json\/wp\/v2\/pages\/5246\/revisions"}],"up":[{"embeddable":true,"href":"https:\/\/reparatur-netzwerk.de\/reparaturhelden\/wp-json\/wp\/v2\/pages\/5192"}],"wp:attachment":[{"href":"https:\/\/reparatur-netzwerk.de\/reparaturhelden\/wp-json\/wp\/v2\/media?parent=5246"}],"curies":[{"name":"wp","href":"https:\/\/api.w.org\/{rel}","templated":true}]}}