{"id":2045,"date":"2017-03-02T15:51:30","date_gmt":"2017-03-02T14:51:30","guid":{"rendered":"https:\/\/reparatur-netzwerk.de\/reparaturhelden\/?page_id=2045"},"modified":"2024-06-23T02:18:14","modified_gmt":"2024-06-23T00:18:14","slug":"home","status":"publish","type":"page","link":"https:\/\/reparatur-netzwerk.de\/reparaturhelden\/","title":{"rendered":"Home"},"content":{"rendered":"<p>[vc_row][vc_column][dfd_heading subtitle=&#8221;W\u00e4hle dein Ger\u00e4t&#8221; delimiter_settings=&#8221;delimiter_style:solid|delimiter_width:80|delimiter_height:1&#8243; undefined=&#8221;&#8221; title_font_options=&#8221;tag:h2&#8243; subtitle_font_options=&#8221;tag:div&#8221;]BESTER SERVICE UND SUPPORT[\/dfd_heading][\/vc_column][\/vc_row][vc_row][vc_column width=&#8221;1\/3&#8243;][dfd_products_category content_style=&#8221;style-7&#8243; category_id=&#8221;30&#8243; title_text=&#8221;&#8221; subtitle=&#8221;&#8221; post_image_width=&#8221;600&#8243; post_image_height=&#8221;600&#8243; box_shadow=&#8221;box_shadow_enable:disable|shadow_horizontal:0|shadow_vertical:15|shadow_blur:50|shadow_spread:0|box_shadow_color:rgba(0%2C0%2C0%2C0.35)&#8221; hover_box_shadow=&#8221;box_shadow_enable:disable|shadow_horizontal:0|shadow_vertical:15|shadow_blur:50|shadow_spread:0|box_shadow_color:rgba(0%2C0%2C0%2C0.35)&#8221; title_font_options=&#8221;tag:h3&#8243; subtitle_font_options=&#8221;tag:div&#8221;][\/vc_column][vc_column width=&#8221;1\/3&#8243;][dfd_products_category content_style=&#8221;style-7&#8243; category_id=&#8221;31&#8243; title_text=&#8221;&#8221; subtitle=&#8221;&#8221; post_image_width=&#8221;600&#8243; post_image_height=&#8221;600&#8243; box_shadow=&#8221;box_shadow_enable:disable|shadow_horizontal:0|shadow_vertical:15|shadow_blur:50|shadow_spread:0|box_shadow_color:rgba(0%2C0%2C0%2C0.35)&#8221; hover_box_shadow=&#8221;box_shadow_enable:disable|shadow_horizontal:0|shadow_vertical:15|shadow_blur:50|shadow_spread:0|box_shadow_color:rgba(0%2C0%2C0%2C0.35)&#8221; title_font_options=&#8221;tag:h3&#8243; subtitle_font_options=&#8221;tag:div&#8221;][\/vc_column][vc_column width=&#8221;1\/3&#8243;][dfd_products_category content_style=&#8221;style-7&#8243; category_id=&#8221;44&#8243; title_text=&#8221;&#8221; subtitle=&#8221;&#8221; post_image_width=&#8221;600&#8243; post_image_height=&#8221;600&#8243; box_shadow=&#8221;box_shadow_enable:disable|shadow_horizontal:0|shadow_vertical:15|shadow_blur:50|shadow_spread:0|box_shadow_color:rgba(0%2C0%2C0%2C0.35)&#8221; hover_box_shadow=&#8221;box_shadow_enable:disable|shadow_horizontal:0|shadow_vertical:15|shadow_blur:50|shadow_spread:0|box_shadow_color:rgba(0%2C0%2C0%2C0.35)&#8221; title_font_options=&#8221;tag:h3&#8243; subtitle_font_options=&#8221;tag:div&#8221;][\/vc_column][\/vc_row][vc_row][vc_column][dfd_spacer screen_wide_spacer_size=&#8221;80&#8243; screen_normal_resolution=&#8221;1024&#8243; screen_tablet_resolution=&#8221;800&#8243; screen_mobile_resolution=&#8221;480&#8243;][dfd_heading subtitle=&#8221;&#8221; delimiter_settings=&#8221;delimiter_style:solid|delimiter_width:80|delimiter_height:1&#8243; undefined=&#8221;&#8221; title_font_options=&#8221;tag:h2&#8243; subtitle_font_options=&#8221;tag:div&#8221;]WIR SIND F\u00dcR EUCH DA[\/dfd_heading][\/vc_column][\/vc_row][vc_row][vc_column width=&#8221;1\/6&#8243;][dfd_info_box title=&#8221;12 Monate Gew\u00e4hrleistung&#8221; subtitle=&#8221;&#8221; main_content=&#8221;Wir bieten euch 12 Monate Gew\u00e4hrleistung auf alle Reparaturen und Serviceleistungen.&#8221; ic_dfd_icons=&#8221;dfd-socicon-trophy&#8221; main_style=&#8221;style-1&#8243; main_layout=&#8221;layout-1&#8243; content_only_hover=&#8221;only_hover&#8221; undefined=&#8221;&#8221; title_font_options=&#8221;tag:div&#8221;][\/vc_column][vc_column width=&#8221;1\/6&#8243;][dfd_info_box title=&#8221;Viele Bezahlarten&#8221; subtitle=&#8221;&#8221; main_content=&#8221;PayPal, Klarna \u00dcberweisung, Kreditkarte, Vorauskasse, Rechnung, Bar im Gesch\u00e4ft&#8221; ic_dfd_icons=&#8221;dfd-socicon-paper-bill&#8221; main_style=&#8221;style-1&#8243; main_layout=&#8221;layout-1&#8243; content_only_hover=&#8221;only_hover&#8221; undefined=&#8221;&#8221; title_font_options=&#8221;tag:div&#8221;][\/vc_column][vc_column width=&#8221;1\/6&#8243;][dfd_info_box title=&#8221;Versicherter Versand&#8221; subtitle=&#8221;&#8221; main_content=&#8221;Unser Versand von Reparaturen erfolgt sicher und schnell mit DHL oder GLS.&#8221; ic_dfd_icons=&#8221;dfd-socicon-delivery-truck-silhouette&#8221; main_style=&#8221;style-1&#8243; main_layout=&#8221;layout-1&#8243; content_only_hover=&#8221;only_hover&#8221; undefined=&#8221;&#8221; title_font_options=&#8221;tag:div&#8221;][\/vc_column][vc_column width=&#8221;1\/6&#8243;][dfd_info_box title=&#8221;Abholung&#8221; subtitle=&#8221;&#8221; main_content=&#8221;Nat\u00fcrlich ist auch eine Abholung im Gesch\u00e4ft m\u00f6glich.&#8221; ic_dfd_icons=&#8221;dfd-socicon-home&#8221; main_style=&#8221;style-1&#8243; main_layout=&#8221;layout-1&#8243; content_only_hover=&#8221;only_hover&#8221; undefined=&#8221;&#8221; title_font_options=&#8221;tag:div&#8221;][\/vc_column][vc_column width=&#8221;1\/6&#8243;][dfd_info_box title=&#8221;Schnelle und fachgerechte Reparatur&#8221; subtitle=&#8221;&#8221; main_content=&#8221;Professionelle Reparatur mit gepr\u00fcften und hochwertigen Ersatzteilen innerhalb von 48 Stunden.&#8221; ic_dfd_icons=&#8221;dfd-socicon-magnifying-glass&#8221; main_style=&#8221;style-1&#8243; main_layout=&#8221;layout-1&#8243; content_only_hover=&#8221;only_hover&#8221; undefined=&#8221;&#8221; title_font_options=&#8221;tag:div&#8221;][\/vc_column][vc_column width=&#8221;1\/6&#8243;][dfd_info_box title=&#8221;Top Bewertungen&#8221; subtitle=&#8221;&#8221; main_content=&#8221;Unsere Kunden lieben uns.&#8221; ic_dfd_icons=&#8221;dfd-socicon-thumbs-up-hand-symbol&#8221; main_style=&#8221;style-1&#8243; main_layout=&#8221;layout-1&#8243; content_only_hover=&#8221;only_hover&#8221; undefined=&#8221;&#8221; title_font_options=&#8221;tag:div&#8221;][\/vc_column][\/vc_row][vc_row][vc_column][vc_raw_html]JTVCZ3J3JTIwcGxhY2VfcGhvdG8lM0QlMjJodHRwcyUzQSUyRiUyRmxoMy5nb29nbGV1c2VyY29udGVudC5jb20lMkZwJTJGQUYxUWlwTmZENU1tTUlaanBxcThHU1ZKUUdvZU82M2p0amFYZDd6bXlEVHolM0RzMTYwMC13MzAwLWgzMDAlMjIlMjBwbGFjZV9uYW1lJTNEJTIyUmVwYXJhdHVySGVsZGVuLmRlJTIyJTIwcGxhY2VfaWQlM0QlMjJDaElKYzZuR0ZZeUxzVWNSUEEzZVV0dXhuU1UlMjIlMjByZXZpZXdzX2xhbmclM0QlMjJkZSUyMiUyMHRpdGxlJTNEJTIyR29vZ2xlJTIwQmV3ZXJ0dW5nZW4lMjIlMjBwYWdpbmF0aW9uJTNEJTIyMyUyMiUyMHRleHRfc2l6ZSUzRCUyMjMwMCUyMiUyMHJlZnJlc2hfcmV2aWV3cyUzRHRydWUlMjBsYXp5X2xvYWRfaW1nJTNEdHJ1ZSUyMHJlZHVjZV9hdmF0YXJzX3NpemUlM0R0cnVlJTIwZGVmX3Jldmlld3NfbGluayUzRHRydWUlMjBvcGVuX2xpbmslM0R0cnVlJTIwbm9mb2xsb3dfbGluayUzRHRydWUlMjB2aWV3X21vZGUlM0QlMjJsaXN0JTIyJTVE[\/vc_raw_html][dfd_spacer screen_wide_spacer_size=&#8221;80&#8243; screen_normal_resolution=&#8221;1024&#8243; screen_tablet_resolution=&#8221;800&#8243; screen_mobile_resolution=&#8221;480&#8243;][dfd_heading subtitle=&#8221;&#8221; delimiter_settings=&#8221;delimiter_style:solid|delimiter_width:80|delimiter_height:1&#8243; undefined=&#8221;&#8221; title_font_options=&#8221;tag:h2&#8243; subtitle_font_options=&#8221;tag:div&#8221;]WIR SIND STOLZ AUF UNSERE GESCH\u00c4FTSKUNDEN[\/dfd_heading][dfd_logo_carousel enable_slides=&#8221;slides&#8221; list_fields=&#8221;%5B%7B%22icon_image_id%22%3A%224853%22%7D%2C%7B%22icon_image_id%22%3A%224837%22%7D%2C%7B%22icon_image_id%22%3A%224835%22%7D%2C%7B%22icon_image_id%22%3A%225522%22%7D%2C%7B%22icon_image_id%22%3A%224834%22%7D%2C%7B%22icon_image_id%22%3A%224833%22%7D%2C%7B%22icon_image_id%22%3A%224832%22%7D%2C%7B%22icon_image_id%22%3A%224831%22%7D%2C%7B%22icon_image_id%22%3A%224830%22%7D%2C%7B%22icon_image_id%22%3A%224829%22%7D%2C%7B%22icon_image_id%22%3A%224828%22%7D%2C%7B%22icon_image_id%22%3A%224827%22%7D%2C%7B%22icon_image_id%22%3A%224826%22%7D%2C%7B%22icon_image_id%22%3A%224825%22%7D%5D&#8221; slides_to_show=&#8221;6&#8243; slides_to_scroll=&#8221;1&#8243; slideshow_speed=&#8221;3000&#8243; main_style=&#8221;style-1&#8243; auto_slideshow=&#8221;auto_slid&#8221;][dfd_spacer screen_wide_spacer_size=&#8221;80&#8243; screen_normal_resolution=&#8221;1024&#8243; screen_tablet_resolution=&#8221;800&#8243; screen_mobile_resolution=&#8221;480&#8243;][dfd_heading subtitle=&#8221;&#8221; delimiter_settings=&#8221;delimiter_style:solid|delimiter_width:80|delimiter_height:1&#8243; undefined=&#8221;&#8221; title_font_options=&#8221;tag:h2&#8243; subtitle_font_options=&#8221;tag:div&#8221;]WIR FREUEN UNS VON DIR ZU H\u00d6REN[\/dfd_heading]<script type=\"text\/javascript\">if(!gform){document.addEventListener(\"gform_main_scripts_loaded\",function(){gform.scriptsLoaded=!0}),window.addEventListener(\"DOMContentLoaded\",function(){gform.domLoaded=!0});var gform={domLoaded:!1,scriptsLoaded:!1,initializeOnLoaded:function(o){gform.domLoaded&&gform.scriptsLoaded?o():!gform.domLoaded&&gform.scriptsLoaded?window.addEventListener(\"DOMContentLoaded\",o):document.addEventListener(\"gform_main_scripts_loaded\",o)},hooks:{action:{},filter:{}},addAction:function(o,n,r,t){gform.addHook(\"action\",o,n,r,t)},addFilter:function(o,n,r,t){gform.addHook(\"filter\",o,n,r,t)},doAction:function(o){gform.doHook(\"action\",o,arguments)},applyFilters:function(o){return gform.doHook(\"filter\",o,arguments)},removeAction:function(o,n){gform.removeHook(\"action\",o,n)},removeFilter:function(o,n,r){gform.removeHook(\"filter\",o,n,r)},addHook:function(o,n,r,t,i){null==gform.hooks[o][n]&&(gform.hooks[o][n]=[]);var e=gform.hooks[o][n];null==i&&(i=n+\"_\"+e.length),null==t&&(t=10),gform.hooks[o][n].push({tag:i,callable:r,priority:t})},doHook:function(o,n,r){if(r=Array.prototype.slice.call(r,1),null!=gform.hooks[o][n]){var t,i=gform.hooks[o][n];i.sort(function(o,n){return o.priority-n.priority});for(var e=0;e<i.length;e++)\"function\"!=typeof(t=i[e].callable)&&(t=window[t]),\"action\"==o?t.apply(null,r):r[0]=t.apply(null,r)}if(\"filter\"==o)return r[0]},removeHook:function(o,n,r,t){if(null!=gform.hooks[o][n])for(var i=gform.hooks[o][n],e=i.length-1;0<=e;e--)null!=t&&t!=i[e].tag||null!=r&&r!=i[e].priority||i.splice(e,1)}}}<\/script>\n                <div class='gf_browser_gecko gform_wrapper gform_legacy_markup_wrapper' id='gform_wrapper_10' ><form method='post' enctype='multipart\/form-data'  id='gform_10'  action='\/reparaturhelden\/wp-json\/wp\/v2\/pages\/2045' >\n                        <div class='gform_body gform-body'><ul id='gform_fields_10' class='gform_fields top_label form_sublabel_below description_below'><li id=\"field_10_5\" class=\"gfield field_sublabel_below field_description_below gfield_visibility_visible\" ><label class='gfield_label' for='input_10_5' >Firma<\/label><div class='ginput_container ginput_container_text'><input name='input_5' id='input_10_5' type='text' value='' class='large'    placeholder='Firmenname (Optional)'  aria-invalid=\"false\"   \/> <\/div><\/li><li id=\"field_10_1\" class=\"gfield gfield_contains_required field_sublabel_below field_description_below gfield_visibility_visible\" ><label class='gfield_label gfield_label_before_complex'  >Name<span class=\"gfield_required\"><span class=\"gfield_required gfield_required_asterisk\">*<\/span><\/span><\/label><div class='ginput_complex ginput_container no_prefix has_first_name no_middle_name has_last_name no_suffix gf_name_has_2 ginput_container_name' id='input_10_1'>\n                            \n                            <span id='input_10_1_3_container' class='name_first' >\n                                                    <input type='text' name='input_1.3' id='input_10_1_3' value='' aria-label='First name'   aria-required='true'     \/>\n                                                    <label for='input_10_1_3' >Vorname<\/label>\n                                                <\/span>\n                            \n                            <span id='input_10_1_6_container' class='name_last' >\n                                                    <input type='text' name='input_1.6' id='input_10_1_6' value='' aria-label='Last name'   aria-required='true'     \/>\n                                                    <label for='input_10_1_6' >Nachname<\/label>\n                                                <\/span>\n                            \n                        <\/div><\/li><li id=\"field_10_2\" class=\"gfield gfield_contains_required field_sublabel_below field_description_below gfield_visibility_visible\" ><label class='gfield_label' for='input_10_2' >E-Mail<span class=\"gfield_required\"><span class=\"gfield_required gfield_required_asterisk\">*<\/span><\/span><\/label><div class='ginput_container ginput_container_email'>\n                            <input name='input_2' id='input_10_2' type='text' value='' class='large'    aria-required=\"true\" aria-invalid=\"false\"  \/>\n                        <\/div><\/li><li id=\"field_10_3\" class=\"gfield gfield_contains_required field_sublabel_below field_description_below gfield_visibility_visible\" ><label class='gfield_label' for='input_10_3' >Betreff<span class=\"gfield_required\"><span class=\"gfield_required gfield_required_asterisk\">*<\/span><\/span><\/label><div class='ginput_container ginput_container_text'><input name='input_3' id='input_10_3' type='text' value='' class='large'     aria-required=\"true\" aria-invalid=\"false\"   \/> <\/div><\/li><li id=\"field_10_4\" class=\"gfield gfield_contains_required field_sublabel_below field_description_below gfield_visibility_visible\" ><label class='gfield_label' for='input_10_4' >Nachricht<span class=\"gfield_required\"><span class=\"gfield_required gfield_required_asterisk\">*<\/span><\/span><\/label><div class='ginput_container ginput_container_textarea'><textarea name='input_4' id='input_10_4' class='textarea medium'     aria-required=\"true\" aria-invalid=\"false\"   rows='10' cols='50'><\/textarea><\/div><\/li><li id=\"field_10_6\" class=\"gfield gform_validation_container field_sublabel_below field_description_below gfield_visibility_visible\" ><label class='gfield_label' for='input_10_6' >Comments<\/label><div class='ginput_container'><input name='input_6' id='input_10_6' type='text' value='' \/><\/div><div class='gfield_description' id='gfield_description_10_6'>Dieses Feld dient zur Validierung und sollte nicht ver\u00e4ndert werden.<\/div><\/li><\/ul><\/div>\n        <div class='gform_footer top_label'> <input type='submit' id='gform_submit_button_10' class='gform_button button' value='Absenden'  onclick='if(window[\"gf_submitting_10\"]){return false;}  window[\"gf_submitting_10\"]=true;  ' onkeypress='if( event.keyCode == 13 ){ if(window[\"gf_submitting_10\"]){return false;} window[\"gf_submitting_10\"]=true;  jQuery(\"#gform_10\").trigger(\"submit\",[true]); }' \/> \n            <input type='hidden' class='gform_hidden' name='is_submit_10' value='1' \/>\n            <input type='hidden' class='gform_hidden' name='gform_submit' value='10' \/>\n            \n            <input type='hidden' class='gform_hidden' name='gform_unique_id' value='' \/>\n            <input type='hidden' class='gform_hidden' name='state_10' value='WyJbXSIsImIxMmI4MWQ0OTY4NjAxYjA3ZDBhYzNiMmZjYTY3OWFiIl0=' \/>\n            <input type='hidden' class='gform_hidden' name='gform_target_page_number_10' id='gform_target_page_number_10' value='0' \/>\n            <input type='hidden' class='gform_hidden' name='gform_source_page_number_10' id='gform_source_page_number_10' value='1' \/>\n            <input type='hidden' name='gform_field_values' value='' \/>\n            \n        <\/div>\n                        <\/form>\n                        <\/div>[vc_raw_html]JTNDJTIxLS0lMjBCZWdpbm4lMjBkZXMlMjBIJTI2YXVtbCUzQm5kbGVyYnVuZCUyMEhUTUwtQ29kZSUyMC0tJTNFJTBBJTNDJTIxLS0lMjBEZXIlMjBIVE1MLUNvZGUlMjBkYXJmJTIwaW0lMjBTaW5uZSUyMGRlciUyMGVpbndhbmRmcmVpZW4lMjBGdW5rdGlvbmFsaXQlMjZhdW1sJTNCdCUyMG5pY2h0JTIwdmVyJTI2YXVtbCUzQm5kZXJ0JTIwd2VyZGVuJTIxJTIwLS0lM0UlMEElM0NhJTIwaHJlZiUzRCUyMmh0dHBzJTNBJTJGJTJGd3d3LmhhZW5kbGVyYnVuZC5kZSUyRm1pdGdsaWVkJTJGc2hvdy5waHAlM0Z1dWlkJTNEYWMwODBkZmUtM2IxYy0xMWU3LWIzODgtOWM1YzhlNGZiMzc1LTUxNDA4NDEyMDclMjIlMjB0YXJnZXQlM0QlMjJfYmxhbmslMjIlM0UlMEElM0NpbWclMjBzcmMlM0QlMjJodHRwcyUzQSUyRiUyRnd3dy5oYWVuZGxlcmJ1bmQuZGUlMkZtaXRnbGllZCUyRmxvZ28ucGhwJTNGdXVpZCUzRGFjMDgwZGZlLTNiMWMtMTFlNy1iMzg4LTljNWM4ZTRmYjM3NS01MTQwODQxMjA3JTI2c2l6ZSUzRDEyMCUyNnZhcmlhbnQlM0QyJTIyJTIwdGl0bGUlM0QlMjJIJTI2YXVtbCUzQm5kbGVyYnVuZCUyME1pdGdsaWVkJTIyJTBBYWx0JTNEJTIyTWl0Z2xpZWQlMjBpbSUyMEglMjZhdW1sJTNCbmRsZXJidW5kJTIyJTIwaHNwYWNlJTNEJTIyNSUyMiUyMHZzcGFjZSUzRCUyMjUlMjIlMjBib3JkZXIlM0QlMjIwJTIyJTIwJTJGJTNFJTBBJTNDJTJGYSUzRSUwQSUzQyUyMS0tJTIwRW5kZSUyMGRlcyUyMEglMjZhdW1sJTNCbmRsZXJidW5kJTIwSFRNTC1Db2RlJTIwLS0lM0U=[\/vc_raw_html][\/vc_column][\/vc_row]<\/p>\n","protected":false},"excerpt":{"rendered":"<p>[vc_row][vc_column][dfd_heading subtitle=&#8221;W\u00e4hle dein Ger\u00e4t&#8221; delimiter_settings=&#8221;delimiter_style:solid|delimiter_width:80|delimiter_height:1&#8243; undefined=&#8221;&#8221; title_font_options=&#8221;tag:h2&#8243; subtitle_font_options=&#8221;tag:div&#8221;]BESTER SERVICE UND SUPPORT[\/dfd_heading][\/vc_column][\/vc_row][vc_row][vc_column width=&#8221;1\/3&#8243;][dfd_products_category content_style=&#8221;style-7&#8243; category_id=&#8221;30&#8243; title_text=&#8221;&#8221; subtitle=&#8221;&#8221; post_image_width=&#8221;600&#8243; post_image_height=&#8221;600&#8243; box_shadow=&#8221;box_shadow_enable:disable|shadow_horizontal:0|shadow_vertical:15|shadow_blur:50|shadow_spread:0|box_shadow_color:rgba(0%2C0%2C0%2C0.35)&#8221; hover_box_shadow=&#8221;box_shadow_enable:disable|shadow_horizontal:0|shadow_vertical:15|shadow_blur:50|shadow_spread:0|box_shadow_color:rgba(0%2C0%2C0%2C0.35)&#8221; title_font_options=&#8221;tag:h3&#8243; subtitle_font_options=&#8221;tag:div&#8221;][\/vc_column][vc_column width=&#8221;1\/3&#8243;][dfd_products_category content_style=&#8221;style-7&#8243; category_id=&#8221;31&#8243; title_text=&#8221;&#8221; subtitle=&#8221;&#8221; post_image_width=&#8221;600&#8243; post_image_height=&#8221;600&#8243; box_shadow=&#8221;box_shadow_enable:disable|shadow_horizontal:0|shadow_vertical:15|shadow_blur:50|shadow_spread:0|box_shadow_color:rgba(0%2C0%2C0%2C0.35)&#8221;<\/p>\n","protected":false},"author":1,"featured_media":0,"parent":0,"menu_order":1,"comment_status":"closed","ping_status":"closed","template":"","meta":{"footnotes":""},"_links":{"self":[{"href":"https:\/\/reparatur-netzwerk.de\/reparaturhelden\/wp-json\/wp\/v2\/pages\/2045"}],"collection":[{"href":"https:\/\/reparatur-netzwerk.de\/reparaturhelden\/wp-json\/wp\/v2\/pages"}],"about":[{"href":"https:\/\/reparatur-netzwerk.de\/reparaturhelden\/wp-json\/wp\/v2\/types\/page"}],"author":[{"embeddable":true,"href":"https:\/\/reparatur-netzwerk.de\/reparaturhelden\/wp-json\/wp\/v2\/users\/1"}],"replies":[{"embeddable":true,"href":"https:\/\/reparatur-netzwerk.de\/reparaturhelden\/wp-json\/wp\/v2\/comments?post=2045"}],"version-history":[{"count":0,"href":"https:\/\/reparatur-netzwerk.de\/reparaturhelden\/wp-json\/wp\/v2\/pages\/2045\/revisions"}],"wp:attachment":[{"href":"https:\/\/reparatur-netzwerk.de\/reparaturhelden\/wp-json\/wp\/v2\/media?parent=2045"}],"curies":[{"name":"wp","href":"https:\/\/api.w.org\/{rel}","templated":true}]}}